{"id":341343,"date":"2024-11-26T20:58:06","date_gmt":"2024-11-26T19:58:06","guid":{"rendered":"https:\/\/glandine.com\/product\/tommy-hilfiger-blaue-leder-herren-geldboerse-5\/"},"modified":"2024-12-12T11:12:48","modified_gmt":"2024-12-12T10:12:48","slug":"tommy-hilfiger-blaue-leder-herren-geldboerse-5","status":"publish","type":"product","link":"https:\/\/tpmadalina42.supserv.cozmoslabs.com\/fi\/tuote-2\/tommy-hilfiger-blaue-leder-herren-geldboerse-5\/","title":{"rendered":"Tommy Hilfiger Blaue Leder Herren Geldb\u00f6rse"},"content":{"rendered":"<p>Das Tommy Hilfiger Leder-Kartenetui ist der Inbegriff von Raffinesse. Dieses Kartenetui aus 100 % hochwertigem Leder verk\u00f6rpert mit seinem tiefblauen Farbton und den kontrastierenden Details, die Modernit\u00e4t ausstrahlen, eine raffinierte \u00c4sthetik. Die schlanke Silhouette verf\u00fcgt \u00fcber ein zentrales Fach, in dem Sie Ihre wichtigsten Karten stilvoll aufbewahren k\u00f6nnen. Mit dem kultigen Tommy Hilfiger-Logo ist es nicht nur ein Accessoire, sondern ein Statement.<\/p>\n<p>Materiaali: 100% nahka<br \/>\nHerkunftsland: KH<br \/>\nV\u00e4ri: Sininen<\/p>","protected":false},"excerpt":{"rendered":"<p>Das Tommy Hilfiger Leder-Kartenetui ist der Inbegriff von Raffinesse. Dieses Kartenetui aus 100 % hochwertigem Leder verk\u00f6rpert mit seinem tiefblauen Farbton und den kontrastierenden Details, die Modernit\u00e4t ausstrahlen, eine raffinierte \u00c4sthetik. Die schlanke Silhouette verf\u00fcgt \u00fcber ein zentrales Fach, in dem Sie Ihre wichtigsten Karten stilvoll aufbewahren k\u00f6nnen. Mit dem kultigen Tommy Hilfiger-Logo ist es [&hellip;]<\/p>","protected":false},"featured_media":341340,"template":"","meta":[],"product_brand":[2177],"product_cat":[1721,1629],"product_tag":[],"class_list":{"0":"post-341343","1":"product","2":"type-product","3":"status-publish","4":"has-post-thumbnail","6":"product_brand-tommy-hilfiger","7":"product_cat-geldboersen","8":"product_cat-maenner","10":"first","11":"instock","12":"sale","13":"taxable","14":"shipping-taxable","15":"purchasable","16":"product-type-simple"},"_links":{"self":[{"href":"https:\/\/tpmadalina42.supserv.cozmoslabs.com\/fi\/wp-json\/wp\/v2\/product\/341343","targetHints":{"allow":["GET"]}}],"collection":[{"href":"https:\/\/tpmadalina42.supserv.cozmoslabs.com\/fi\/wp-json\/wp\/v2\/product"}],"about":[{"href":"https:\/\/tpmadalina42.supserv.cozmoslabs.com\/fi\/wp-json\/wp\/v2\/types\/product"}],"wp:featuredmedia":[{"embeddable":true,"href":"https:\/\/tpmadalina42.supserv.cozmoslabs.com\/fi\/wp-json\/wp\/v2\/media\/341340"}],"wp:attachment":[{"href":"https:\/\/tpmadalina42.supserv.cozmoslabs.com\/fi\/wp-json\/wp\/v2\/media?parent=341343"}],"wp:term":[{"taxonomy":"product_brand","embeddable":true,"href":"https:\/\/tpmadalina42.supserv.cozmoslabs.com\/fi\/wp-json\/wp\/v2\/product_brand?post=341343"},{"taxonomy":"product_cat","embeddable":true,"href":"https:\/\/tpmadalina42.supserv.cozmoslabs.com\/fi\/wp-json\/wp\/v2\/product_cat?post=341343"},{"taxonomy":"product_tag","embeddable":true,"href":"https:\/\/tpmadalina42.supserv.cozmoslabs.com\/fi\/wp-json\/wp\/v2\/product_tag?post=341343"}],"curies":[{"name":"wp","href":"https:\/\/api.w.org\/{rel}","templated":true}]}}