{"id":341484,"date":"2024-11-26T21:40:30","date_gmt":"2024-11-26T20:40:30","guid":{"rendered":"https:\/\/glandine.com\/product\/napapijri-grauer-baumwollpullover-fuer-maenner-12\/"},"modified":"2024-12-13T03:13:25","modified_gmt":"2024-12-13T02:13:25","slug":"napapijri-grauer-baumwollpullover-fuer-maenner-12","status":"publish","type":"product","link":"https:\/\/tpmadalina42.supserv.cozmoslabs.com\/fi\/tuote-2\/napapijri-grauer-baumwollpullover-fuer-maenner-12\/","title":{"rendered":"Napapijri Grauer Baumwollpullover f\u00fcr M\u00e4nner"},"content":{"rendered":"<p>Das Langarm-Sweatshirt von Napapijri ist eine Mischung aus Komfort und Flair. Dieses Fleece-Sweatshirt in schlichtem Grau ist ein l\u00e4ssiges Statement, das perfekt zu k\u00fchnen und trendigen Outfits passt. Es besteht aus einer sorgf\u00e4ltigen Mischung aus 80% Baumwolle und 20% Polyester und verspricht kuschelige W\u00e4rme und atmungsaktiven Tragekomfort. Das kultige gestickte Napapijri-Logo zieht die Blicke auf sich und positioniert Sie auf subtile Weise als Vorreiter. Perfekt f\u00fcr einen frischen Morgen oder einen entspannten Abend.<\/p>\n<p>Materiaali: 80% puuvilla, 20% polyesteri<br \/>\nAlkuper\u00e4maa: TR<br \/>\nV\u00e4ri: Harmaa<\/p>","protected":false},"excerpt":{"rendered":"<p>Das Langarm-Sweatshirt von Napapijri ist eine Mischung aus Komfort und Flair. Dieses Fleece-Sweatshirt in schlichtem Grau ist ein l\u00e4ssiges Statement, das perfekt zu k\u00fchnen und trendigen Outfits passt. Es besteht aus einer sorgf\u00e4ltigen Mischung aus 80% Baumwolle und 20% Polyester und verspricht kuschelige W\u00e4rme und atmungsaktiven Tragekomfort. Das kultige gestickte Napapijri-Logo zieht die Blicke auf [&hellip;]<\/p>","protected":false},"featured_media":341482,"template":"","meta":[],"product_brand":[2312],"product_cat":[1633,1623],"product_tag":[],"class_list":{"0":"post-341484","1":"product","2":"type-product","3":"status-publish","4":"has-post-thumbnail","6":"product_brand-napapijri","7":"product_cat-maenner-kleidung","8":"product_cat-kleidung","10":"first","11":"instock","12":"sale","13":"taxable","14":"shipping-taxable","15":"purchasable","16":"product-type-variable"},"_links":{"self":[{"href":"https:\/\/tpmadalina42.supserv.cozmoslabs.com\/fi\/wp-json\/wp\/v2\/product\/341484","targetHints":{"allow":["GET"]}}],"collection":[{"href":"https:\/\/tpmadalina42.supserv.cozmoslabs.com\/fi\/wp-json\/wp\/v2\/product"}],"about":[{"href":"https:\/\/tpmadalina42.supserv.cozmoslabs.com\/fi\/wp-json\/wp\/v2\/types\/product"}],"wp:featuredmedia":[{"embeddable":true,"href":"https:\/\/tpmadalina42.supserv.cozmoslabs.com\/fi\/wp-json\/wp\/v2\/media\/341482"}],"wp:attachment":[{"href":"https:\/\/tpmadalina42.supserv.cozmoslabs.com\/fi\/wp-json\/wp\/v2\/media?parent=341484"}],"wp:term":[{"taxonomy":"product_brand","embeddable":true,"href":"https:\/\/tpmadalina42.supserv.cozmoslabs.com\/fi\/wp-json\/wp\/v2\/product_brand?post=341484"},{"taxonomy":"product_cat","embeddable":true,"href":"https:\/\/tpmadalina42.supserv.cozmoslabs.com\/fi\/wp-json\/wp\/v2\/product_cat?post=341484"},{"taxonomy":"product_tag","embeddable":true,"href":"https:\/\/tpmadalina42.supserv.cozmoslabs.com\/fi\/wp-json\/wp\/v2\/product_tag?post=341484"}],"curies":[{"name":"wp","href":"https:\/\/api.w.org\/{rel}","templated":true}]}}