{"id":341583,"date":"2024-11-26T22:02:16","date_gmt":"2024-11-26T21:02:16","guid":{"rendered":"https:\/\/glandine.com\/product\/calvin-klein-schlanke-denim-classic-jacke\/"},"modified":"2024-12-06T06:30:25","modified_gmt":"2024-12-06T05:30:25","slug":"calvin-klein-schlanke-denim-classic-jacke","status":"publish","type":"product","link":"https:\/\/tpmadalina42.supserv.cozmoslabs.com\/fi\/tuote-2\/calvin-klein-schlanke-denim-classic-jacke\/","title":{"rendered":"Calvin Klein Schlanke Denim Classic Jacke"},"content":{"rendered":"<p>Peppen Sie Ihre Garderobe mit dieser eleganten Jeansjacke in normaler Passform von Calvin Klein auf. Sie ist mit Liebe zum Detail gestylt und verf\u00fcgt \u00fcber zwei ger\u00e4umige Taschen und zwei zus\u00e4tzliche kleine Taschen f\u00fcr Ihre wichtigsten Utensilien. Die Knopfleiste wird durch scharfe Applikationen und das dezente, aber erkennbare Calvin Klein-Logo akzentuiert und verleiht Ihrer Freizeitgarderobe einen Hauch von Raffinesse.<\/p>\n<ul>\n<li>Materiaali: 100% puuvilla<\/li>\n<li>Alkuper\u00e4maa: TN<\/li>\n<li>V\u00e4ri: Sininen<\/li>\n<\/ul>","protected":false},"excerpt":{"rendered":"<p>Peppen Sie Ihre Garderobe mit dieser eleganten Jeansjacke in normaler Passform von Calvin Klein auf. Sie ist mit Liebe zum Detail gestylt und verf\u00fcgt \u00fcber zwei ger\u00e4umige Taschen und zwei zus\u00e4tzliche kleine Taschen f\u00fcr Ihre wichtigsten Utensilien. Die Knopfleiste wird durch scharfe Applikationen und das dezente, aber erkennbare Calvin Klein-Logo akzentuiert und verleiht Ihrer Freizeitgarderobe [&hellip;]<\/p>","protected":false},"featured_media":341581,"template":"","meta":[],"product_brand":[2188],"product_cat":[1633,1669,1623],"product_tag":[],"class_list":{"0":"post-341583","1":"product","2":"type-product","3":"status-publish","4":"has-post-thumbnail","6":"product_brand-calvin-klein","7":"product_cat-maenner-kleidung","8":"product_cat-jacken","9":"product_cat-kleidung","11":"first","12":"instock","13":"sale","14":"taxable","15":"shipping-taxable","16":"purchasable","17":"product-type-variable"},"_links":{"self":[{"href":"https:\/\/tpmadalina42.supserv.cozmoslabs.com\/fi\/wp-json\/wp\/v2\/product\/341583","targetHints":{"allow":["GET"]}}],"collection":[{"href":"https:\/\/tpmadalina42.supserv.cozmoslabs.com\/fi\/wp-json\/wp\/v2\/product"}],"about":[{"href":"https:\/\/tpmadalina42.supserv.cozmoslabs.com\/fi\/wp-json\/wp\/v2\/types\/product"}],"wp:featuredmedia":[{"embeddable":true,"href":"https:\/\/tpmadalina42.supserv.cozmoslabs.com\/fi\/wp-json\/wp\/v2\/media\/341581"}],"wp:attachment":[{"href":"https:\/\/tpmadalina42.supserv.cozmoslabs.com\/fi\/wp-json\/wp\/v2\/media?parent=341583"}],"wp:term":[{"taxonomy":"product_brand","embeddable":true,"href":"https:\/\/tpmadalina42.supserv.cozmoslabs.com\/fi\/wp-json\/wp\/v2\/product_brand?post=341583"},{"taxonomy":"product_cat","embeddable":true,"href":"https:\/\/tpmadalina42.supserv.cozmoslabs.com\/fi\/wp-json\/wp\/v2\/product_cat?post=341583"},{"taxonomy":"product_tag","embeddable":true,"href":"https:\/\/tpmadalina42.supserv.cozmoslabs.com\/fi\/wp-json\/wp\/v2\/product_tag?post=341583"}],"curies":[{"name":"wp","href":"https:\/\/api.w.org\/{rel}","templated":true}]}}