{"id":341762,"date":"2024-11-26T22:41:48","date_gmt":"2024-11-26T21:41:48","guid":{"rendered":"https:\/\/glandine.com\/product\/calvin-klein-beigefarbene-langaermelige-sportjacke\/"},"modified":"2024-12-12T10:02:40","modified_gmt":"2024-12-12T09:02:40","slug":"calvin-klein-beigefarbene-langaermelige-sportjacke","status":"publish","type":"product","link":"https:\/\/tpmadalina42.supserv.cozmoslabs.com\/fi\/tuote-2\/calvin-klein-beigefarbene-langaermelige-sportjacke\/","title":{"rendered":"Calvin Klein Beigefarbene lang\u00e4rmelige Sportjacke"},"content":{"rendered":"<p>Aktualisieren Sie Ihre Garderobe mit dieser eleganten und vielseitigen Sportjacke von Calvin Klein. Perfekt, um eine raffinierte und dennoch sportliche \u00c4sthetik zu pr\u00e4sentieren, kommt sie mit praktischen Aufbewahrungsm\u00f6glichkeiten mit zwei Au\u00dfentaschen und einer Innentasche. Mit dezenten Details wie einer Applikation, einem Print und dem kultigen Logo ist diese Jacke ein Muss f\u00fcr jeden modebewussten Mann. Fachm\u00e4nnisch aus hochwertigem Polyamid gefertigt, um Haltbarkeit und Komfort zu gew\u00e4hrleisten.<\/p>\n<ul>\n<li>Materiaali: 100% polyamidi<\/li>\n<li>Alkuper\u00e4maa: CN<\/li>\n<li>V\u00e4ri: beige<\/li>\n<\/ul>","protected":false},"excerpt":{"rendered":"<p>Aktualisieren Sie Ihre Garderobe mit dieser eleganten und vielseitigen Sportjacke von Calvin Klein. Perfekt, um eine raffinierte und dennoch sportliche \u00c4sthetik zu pr\u00e4sentieren, kommt sie mit praktischen Aufbewahrungsm\u00f6glichkeiten mit zwei Au\u00dfentaschen und einer Innentasche. Mit dezenten Details wie einer Applikation, einem Print und dem kultigen Logo ist diese Jacke ein Muss f\u00fcr jeden modebewussten Mann. [&hellip;]<\/p>","protected":false},"featured_media":341760,"template":"","meta":[],"product_brand":[2188],"product_cat":[1633,1669,1623],"product_tag":[],"class_list":{"0":"post-341762","1":"product","2":"type-product","3":"status-publish","4":"has-post-thumbnail","6":"product_brand-calvin-klein","7":"product_cat-maenner-kleidung","8":"product_cat-jacken","9":"product_cat-kleidung","11":"first","12":"instock","13":"sale","14":"taxable","15":"shipping-taxable","16":"purchasable","17":"product-type-variable"},"_links":{"self":[{"href":"https:\/\/tpmadalina42.supserv.cozmoslabs.com\/fi\/wp-json\/wp\/v2\/product\/341762","targetHints":{"allow":["GET"]}}],"collection":[{"href":"https:\/\/tpmadalina42.supserv.cozmoslabs.com\/fi\/wp-json\/wp\/v2\/product"}],"about":[{"href":"https:\/\/tpmadalina42.supserv.cozmoslabs.com\/fi\/wp-json\/wp\/v2\/types\/product"}],"wp:featuredmedia":[{"embeddable":true,"href":"https:\/\/tpmadalina42.supserv.cozmoslabs.com\/fi\/wp-json\/wp\/v2\/media\/341760"}],"wp:attachment":[{"href":"https:\/\/tpmadalina42.supserv.cozmoslabs.com\/fi\/wp-json\/wp\/v2\/media?parent=341762"}],"wp:term":[{"taxonomy":"product_brand","embeddable":true,"href":"https:\/\/tpmadalina42.supserv.cozmoslabs.com\/fi\/wp-json\/wp\/v2\/product_brand?post=341762"},{"taxonomy":"product_cat","embeddable":true,"href":"https:\/\/tpmadalina42.supserv.cozmoslabs.com\/fi\/wp-json\/wp\/v2\/product_cat?post=341762"},{"taxonomy":"product_tag","embeddable":true,"href":"https:\/\/tpmadalina42.supserv.cozmoslabs.com\/fi\/wp-json\/wp\/v2\/product_tag?post=341762"}],"curies":[{"name":"wp","href":"https:\/\/api.w.org\/{rel}","templated":true}]}}