{"id":341887,"date":"2024-11-26T23:14:55","date_gmt":"2024-11-26T22:14:55","guid":{"rendered":"https:\/\/glandine.com\/product\/liu-jo-schwarze-bio-injected-sonnenbrille-10\/"},"modified":"2024-11-30T21:17:57","modified_gmt":"2024-11-30T20:17:57","slug":"liu-jo-schwarze-bio-injected-sonnenbrille-10","status":"publish","type":"product","link":"https:\/\/tpmadalina42.supserv.cozmoslabs.com\/fi\/tuote-2\/liu-jo-schwarze-bio-injected-sonnenbrille-10\/","title":{"rendered":"Liu Jo Black BIO INJECTED aurinkolasit"},"content":{"rendered":"<p>SONNENBRILLE, KUNSTSTOFFSPRITZGUSSFASSUNG, KONTRASTDETAILS, RUNDE GL\u00c4SER, SCHWARZE GL\u00c4SER, GLASBREITE 54 MM, STEGBREITE 18 MM, B\u00dcGELL\u00c4NGE 140 MM, LOGO<\/p>","protected":false},"excerpt":{"rendered":"<p>SONNENBRILLE, KUNSTSTOFFSPRITZGUSSFASSUNG, KONTRASTDETAILS, RUNDE GL\u00c4SER, SCHWARZE GL\u00c4SER, GLASBREITE 54 MM, STEGBREITE 18 MM, B\u00dcGELL\u00c4NGE 140 MM, LOGO<\/p>","protected":false},"featured_media":341884,"template":"","meta":[],"product_brand":[2083],"product_cat":[1627,1640],"product_tag":[],"class_list":{"0":"post-341887","1":"product","2":"type-product","3":"status-publish","4":"has-post-thumbnail","6":"product_brand-liu-jo","7":"product_cat-sonnenbrille","8":"product_cat-sonnenbrillen-fuer-frauen","10":"first","11":"instock","12":"sale","13":"taxable","14":"shipping-taxable","15":"purchasable","16":"product-type-simple"},"_links":{"self":[{"href":"https:\/\/tpmadalina42.supserv.cozmoslabs.com\/fi\/wp-json\/wp\/v2\/product\/341887","targetHints":{"allow":["GET"]}}],"collection":[{"href":"https:\/\/tpmadalina42.supserv.cozmoslabs.com\/fi\/wp-json\/wp\/v2\/product"}],"about":[{"href":"https:\/\/tpmadalina42.supserv.cozmoslabs.com\/fi\/wp-json\/wp\/v2\/types\/product"}],"wp:featuredmedia":[{"embeddable":true,"href":"https:\/\/tpmadalina42.supserv.cozmoslabs.com\/fi\/wp-json\/wp\/v2\/media\/341884"}],"wp:attachment":[{"href":"https:\/\/tpmadalina42.supserv.cozmoslabs.com\/fi\/wp-json\/wp\/v2\/media?parent=341887"}],"wp:term":[{"taxonomy":"product_brand","embeddable":true,"href":"https:\/\/tpmadalina42.supserv.cozmoslabs.com\/fi\/wp-json\/wp\/v2\/product_brand?post=341887"},{"taxonomy":"product_cat","embeddable":true,"href":"https:\/\/tpmadalina42.supserv.cozmoslabs.com\/fi\/wp-json\/wp\/v2\/product_cat?post=341887"},{"taxonomy":"product_tag","embeddable":true,"href":"https:\/\/tpmadalina42.supserv.cozmoslabs.com\/fi\/wp-json\/wp\/v2\/product_tag?post=341887"}],"curies":[{"name":"wp","href":"https:\/\/api.w.org\/{rel}","templated":true}]}}