{"id":342355,"date":"2024-11-27T00:28:36","date_gmt":"2024-11-26T23:28:36","guid":{"rendered":"https:\/\/glandine.com\/product\/fila-schwarzer-polyester-herren-sneaker-2\/"},"modified":"2024-12-11T05:28:04","modified_gmt":"2024-12-11T04:28:04","slug":"fila-schwarzer-polyester-herren-sneaker-2","status":"publish","type":"product","link":"https:\/\/tpmadalina42.supserv.cozmoslabs.com\/fi\/tuote-2\/fila-schwarzer-polyester-herren-sneaker-2\/","title":{"rendered":"Fila musta polyesteri miesten lenkkari"},"content":{"rendered":"<p>Entfessle deinen urbanen Stil mit der neuesten Sneaker-Sensation von Fila. Diese dynamischen Sportschuhe wurden f\u00fcr Stilbewusste entwickelt und bieten ein auff\u00e4lliges schwarzes Design, das durch auff\u00e4llige wei\u00dfe Details akzentuiert wird und einen modernen Kontrast vom Feinsten verk\u00f6rpert. Die schnittige Silhouette mit dem kultigen Fila-Logo verspricht, dein Sneaker-Spiel auf ein neues Niveau zu heben. Die kontrastierende Sohle ist nicht nur ein echter Hingucker, sondern sorgt auch f\u00fcr Langlebigkeit und Komfort, denn sie ist mehr als nur ein Schuh &#8211; sie ist ein Statement.<\/p>\n<p>Material: 50% Polyester, 50% Polyethylen<br \/>\nAlkuper\u00e4maa: CN<br \/>\nV\u00e4ri: Musta<\/p>","protected":false},"excerpt":{"rendered":"<p>Entfessle deinen urbanen Stil mit der neuesten Sneaker-Sensation von Fila. Diese dynamischen Sportschuhe wurden f\u00fcr Stilbewusste entwickelt und bieten ein auff\u00e4lliges schwarzes Design, das durch auff\u00e4llige wei\u00dfe Details akzentuiert wird und einen modernen Kontrast vom Feinsten verk\u00f6rpert. Die schnittige Silhouette mit dem kultigen Fila-Logo verspricht, dein Sneaker-Spiel auf ein neues Niveau zu heben. Die kontrastierende [&hellip;]<\/p>","protected":false},"featured_media":342352,"template":"","meta":[],"product_brand":[2150],"product_cat":[1634,1624,1702],"product_tag":[],"class_list":{"0":"post-342355","1":"product","2":"type-product","3":"status-publish","4":"has-post-thumbnail","6":"product_brand-fila","7":"product_cat-maenner-schuhe","8":"product_cat-schuhe","9":"product_cat-turnschuhe","11":"first","12":"instock","13":"sale","14":"taxable","15":"shipping-taxable","16":"purchasable","17":"product-type-variable"},"_links":{"self":[{"href":"https:\/\/tpmadalina42.supserv.cozmoslabs.com\/fi\/wp-json\/wp\/v2\/product\/342355","targetHints":{"allow":["GET"]}}],"collection":[{"href":"https:\/\/tpmadalina42.supserv.cozmoslabs.com\/fi\/wp-json\/wp\/v2\/product"}],"about":[{"href":"https:\/\/tpmadalina42.supserv.cozmoslabs.com\/fi\/wp-json\/wp\/v2\/types\/product"}],"wp:featuredmedia":[{"embeddable":true,"href":"https:\/\/tpmadalina42.supserv.cozmoslabs.com\/fi\/wp-json\/wp\/v2\/media\/342352"}],"wp:attachment":[{"href":"https:\/\/tpmadalina42.supserv.cozmoslabs.com\/fi\/wp-json\/wp\/v2\/media?parent=342355"}],"wp:term":[{"taxonomy":"product_brand","embeddable":true,"href":"https:\/\/tpmadalina42.supserv.cozmoslabs.com\/fi\/wp-json\/wp\/v2\/product_brand?post=342355"},{"taxonomy":"product_cat","embeddable":true,"href":"https:\/\/tpmadalina42.supserv.cozmoslabs.com\/fi\/wp-json\/wp\/v2\/product_cat?post=342355"},{"taxonomy":"product_tag","embeddable":true,"href":"https:\/\/tpmadalina42.supserv.cozmoslabs.com\/fi\/wp-json\/wp\/v2\/product_tag?post=342355"}],"curies":[{"name":"wp","href":"https:\/\/api.w.org\/{rel}","templated":true}]}}