{"id":343260,"date":"2024-11-27T02:52:11","date_gmt":"2024-11-27T01:52:11","guid":{"rendered":"https:\/\/glandine.com\/product\/napapijri-eleganter-weisser-kapuzenpullover-aus-baumwolle\/"},"modified":"2024-12-11T03:07:23","modified_gmt":"2024-12-11T02:07:23","slug":"napapijri-eleganter-weisser-kapuzenpullover-aus-baumwolle","status":"publish","type":"product","link":"https:\/\/tpmadalina42.supserv.cozmoslabs.com\/fi\/tuote-2\/napapijri-eleganter-weisser-kapuzenpullover-aus-baumwolle\/","title":{"rendered":"Napapijri Eleganter wei\u00dfer Kapuzenpullover aus Baumwolle"},"content":{"rendered":"<p>Entdecken Sie den Gipfel des Komforts und des Stils mit diesem eleganten, lang\u00e4rmeligen Kapuzensweatshirt von Napapijri. Der Pullover aus weicher, geb\u00fcrsteter Baumwolle hat eine entspannte, regul\u00e4re Passform und ist mit exquisiten Stickereien und dem unverkennbaren Napapijri-Logo versehen. Ein vielseitiges Kleidungsst\u00fcck f\u00fcr diejenigen, die sowohl Raffinesse als auch W\u00e4rme suchen.<\/p>\n<ul>\n<li>Materiaali: 100% puuvilla<\/li>\n<li>Alkuper\u00e4maa: BD<\/li>\n<li>V\u00e4ri: Valkoinen<\/li>\n<\/ul>","protected":false},"excerpt":{"rendered":"<p>Entdecken Sie den Gipfel des Komforts und des Stils mit diesem eleganten, lang\u00e4rmeligen Kapuzensweatshirt von Napapijri. Der Pullover aus weicher, geb\u00fcrsteter Baumwolle hat eine entspannte, regul\u00e4re Passform und ist mit exquisiten Stickereien und dem unverkennbaren Napapijri-Logo versehen. Ein vielseitiges Kleidungsst\u00fcck f\u00fcr diejenigen, die sowohl Raffinesse als auch W\u00e4rme suchen. Material: 100% Baumwolle Herkunftsland: BD Farbe: [&hellip;]<\/p>","protected":false},"featured_media":343258,"template":"","meta":[],"product_brand":[2312],"product_cat":[1633,1623],"product_tag":[],"class_list":{"0":"post-343260","1":"product","2":"type-product","3":"status-publish","4":"has-post-thumbnail","6":"product_brand-napapijri","7":"product_cat-maenner-kleidung","8":"product_cat-kleidung","10":"first","11":"instock","12":"sale","13":"taxable","14":"shipping-taxable","15":"purchasable","16":"product-type-variable"},"_links":{"self":[{"href":"https:\/\/tpmadalina42.supserv.cozmoslabs.com\/fi\/wp-json\/wp\/v2\/product\/343260","targetHints":{"allow":["GET"]}}],"collection":[{"href":"https:\/\/tpmadalina42.supserv.cozmoslabs.com\/fi\/wp-json\/wp\/v2\/product"}],"about":[{"href":"https:\/\/tpmadalina42.supserv.cozmoslabs.com\/fi\/wp-json\/wp\/v2\/types\/product"}],"wp:featuredmedia":[{"embeddable":true,"href":"https:\/\/tpmadalina42.supserv.cozmoslabs.com\/fi\/wp-json\/wp\/v2\/media\/343258"}],"wp:attachment":[{"href":"https:\/\/tpmadalina42.supserv.cozmoslabs.com\/fi\/wp-json\/wp\/v2\/media?parent=343260"}],"wp:term":[{"taxonomy":"product_brand","embeddable":true,"href":"https:\/\/tpmadalina42.supserv.cozmoslabs.com\/fi\/wp-json\/wp\/v2\/product_brand?post=343260"},{"taxonomy":"product_cat","embeddable":true,"href":"https:\/\/tpmadalina42.supserv.cozmoslabs.com\/fi\/wp-json\/wp\/v2\/product_cat?post=343260"},{"taxonomy":"product_tag","embeddable":true,"href":"https:\/\/tpmadalina42.supserv.cozmoslabs.com\/fi\/wp-json\/wp\/v2\/product_tag?post=343260"}],"curies":[{"name":"wp","href":"https:\/\/api.w.org\/{rel}","templated":true}]}}