{"id":343683,"date":"2024-11-27T05:05:22","date_gmt":"2024-11-27T04:05:22","guid":{"rendered":"https:\/\/glandine.com\/product\/calvin-klein-gruene-polyethylen-handtasche-2\/"},"modified":"2024-12-13T06:12:10","modified_gmt":"2024-12-13T05:12:10","slug":"calvin-klein-gruene-polyethylen-handtasche-2","status":"publish","type":"product","link":"https:\/\/tpmadalina42.supserv.cozmoslabs.com\/fi\/tuote-2\/calvin-klein-gruene-polyethylen-handtasche-2\/","title":{"rendered":"Calvin Klein Gr\u00fcne Polyethylen-Handtasche"},"content":{"rendered":"<p>VERSTELLBARE UMH\u00c4NGETASCHE, 1 AUSSENFACH, 2 INNENF\u00c4CHER F\u00dcR DOKUMENTE, REISSVERSCHLUSS UND MAGNETVERSCHLUSS, LOGO<\/p>","protected":false},"excerpt":{"rendered":"<p>VERSTELLBARE UMH\u00c4NGETASCHE, 1 AUSSENFACH, 2 INNENF\u00c4CHER F\u00dcR DOKUMENTE, REISSVERSCHLUSS UND MAGNETVERSCHLUSS, LOGO<\/p>","protected":false},"featured_media":343680,"template":"","meta":[],"product_brand":[2188],"product_cat":[1630,1664],"product_tag":[],"class_list":{"0":"post-343683","1":"product","2":"type-product","3":"status-publish","4":"has-post-thumbnail","6":"product_brand-calvin-klein","7":"product_cat-frauen","8":"product_cat-handtaschen","10":"first","11":"instock","12":"sale","13":"taxable","14":"shipping-taxable","15":"purchasable","16":"product-type-simple"},"_links":{"self":[{"href":"https:\/\/tpmadalina42.supserv.cozmoslabs.com\/fi\/wp-json\/wp\/v2\/product\/343683","targetHints":{"allow":["GET"]}}],"collection":[{"href":"https:\/\/tpmadalina42.supserv.cozmoslabs.com\/fi\/wp-json\/wp\/v2\/product"}],"about":[{"href":"https:\/\/tpmadalina42.supserv.cozmoslabs.com\/fi\/wp-json\/wp\/v2\/types\/product"}],"wp:featuredmedia":[{"embeddable":true,"href":"https:\/\/tpmadalina42.supserv.cozmoslabs.com\/fi\/wp-json\/wp\/v2\/media\/343680"}],"wp:attachment":[{"href":"https:\/\/tpmadalina42.supserv.cozmoslabs.com\/fi\/wp-json\/wp\/v2\/media?parent=343683"}],"wp:term":[{"taxonomy":"product_brand","embeddable":true,"href":"https:\/\/tpmadalina42.supserv.cozmoslabs.com\/fi\/wp-json\/wp\/v2\/product_brand?post=343683"},{"taxonomy":"product_cat","embeddable":true,"href":"https:\/\/tpmadalina42.supserv.cozmoslabs.com\/fi\/wp-json\/wp\/v2\/product_cat?post=343683"},{"taxonomy":"product_tag","embeddable":true,"href":"https:\/\/tpmadalina42.supserv.cozmoslabs.com\/fi\/wp-json\/wp\/v2\/product_tag?post=343683"}],"curies":[{"name":"wp","href":"https:\/\/api.w.org\/{rel}","templated":true}]}}