{"id":344235,"date":"2024-11-27T07:21:29","date_gmt":"2024-11-27T06:21:29","guid":{"rendered":"https:\/\/glandine.com\/product\/ralph-lauren-schwarze-lederhandtasche-9\/"},"modified":"2024-12-07T03:14:15","modified_gmt":"2024-12-07T02:14:15","slug":"ralph-lauren-schwarze-lederhandtasche-9","status":"publish","type":"product","link":"https:\/\/tpmadalina42.supserv.cozmoslabs.com\/fi\/tuote-2\/ralph-lauren-schwarze-lederhandtasche-9\/","title":{"rendered":"Ralph Lauren musta nahkainen k\u00e4silaukku"},"content":{"rendered":"<p>Tasche mit 2 Henkeln, verstellbarer und abnehmbarer Schulterriemen, 2 F\u00e4cher, 1 Mitteltasche, 1 Innentasche, Innenraum in Form einer Karte, Verschluss mit Karabinerhaken und Rei\u00dfverschluss, Logo<\/p>","protected":false},"excerpt":{"rendered":"<p>Tasche mit 2 Henkeln, verstellbarer und abnehmbarer Schulterriemen, 2 F\u00e4cher, 1 Mitteltasche, 1 Innentasche, Innenraum in Form einer Karte, Verschluss mit Karabinerhaken und Rei\u00dfverschluss, Logo<\/p>","protected":false},"featured_media":344233,"template":"","meta":[],"product_brand":[2506],"product_cat":[1630,1664],"product_tag":[],"class_list":{"0":"post-344235","1":"product","2":"type-product","3":"status-publish","4":"has-post-thumbnail","6":"product_brand-ralph-lauren","7":"product_cat-frauen","8":"product_cat-handtaschen","10":"first","11":"instock","12":"sale","13":"taxable","14":"shipping-taxable","15":"purchasable","16":"product-type-simple"},"_links":{"self":[{"href":"https:\/\/tpmadalina42.supserv.cozmoslabs.com\/fi\/wp-json\/wp\/v2\/product\/344235","targetHints":{"allow":["GET"]}}],"collection":[{"href":"https:\/\/tpmadalina42.supserv.cozmoslabs.com\/fi\/wp-json\/wp\/v2\/product"}],"about":[{"href":"https:\/\/tpmadalina42.supserv.cozmoslabs.com\/fi\/wp-json\/wp\/v2\/types\/product"}],"wp:featuredmedia":[{"embeddable":true,"href":"https:\/\/tpmadalina42.supserv.cozmoslabs.com\/fi\/wp-json\/wp\/v2\/media\/344233"}],"wp:attachment":[{"href":"https:\/\/tpmadalina42.supserv.cozmoslabs.com\/fi\/wp-json\/wp\/v2\/media?parent=344235"}],"wp:term":[{"taxonomy":"product_brand","embeddable":true,"href":"https:\/\/tpmadalina42.supserv.cozmoslabs.com\/fi\/wp-json\/wp\/v2\/product_brand?post=344235"},{"taxonomy":"product_cat","embeddable":true,"href":"https:\/\/tpmadalina42.supserv.cozmoslabs.com\/fi\/wp-json\/wp\/v2\/product_cat?post=344235"},{"taxonomy":"product_tag","embeddable":true,"href":"https:\/\/tpmadalina42.supserv.cozmoslabs.com\/fi\/wp-json\/wp\/v2\/product_tag?post=344235"}],"curies":[{"name":"wp","href":"https:\/\/api.w.org\/{rel}","templated":true}]}}