{"id":344647,"date":"2024-11-27T09:39:56","date_gmt":"2024-11-27T08:39:56","guid":{"rendered":"https:\/\/glandine.com\/product\/tommy-hilfiger-weisses-leder-herren-sneaker-16\/"},"modified":"2024-12-13T06:33:47","modified_gmt":"2024-12-13T05:33:47","slug":"tommy-hilfiger-weisses-leder-herren-sneaker-16","status":"publish","type":"product","link":"https:\/\/tpmadalina42.supserv.cozmoslabs.com\/fi\/tuote-2\/tommy-hilfiger-weisses-leder-herren-sneaker-16\/","title":{"rendered":"Tommy Hilfiger Valkoinen nahka Miesten Sneaker"},"content":{"rendered":"<p>Erh\u00f6hen Sie Ihr Sneaker-Spiel mit diesen Tommy Hilfiger Sportschuhen, die f\u00fcr den stilvollen Trendsetter entworfen wurden. Diese Sneakers vereinen Funktionalit\u00e4t mit High Fashion und heben sich mit ihren markanten k\u00f6nigsblauen Akzenten und dem auff\u00e4lligen Logodetail von der Masse ab. Sie sind eine tadellose Verschmelzung verschiedener Materialien, die sowohl Komfort als auch Haltbarkeit f\u00fcr den modernen Mann auf dem Sprung gew\u00e4hrleisten. Perfekt, um Ihrem Freizeitoutfit einen Hauch von Raffinesse zu verleihen und gleichzeitig einen Hauch von l\u00e4ssigem Luxus zu bewahren.<\/p>\n<p>&#8211; Material: 30% Polyester<br \/>\n&#8211; Material: 30% Leder<br \/>\n&#8211; Material: 40% Polyethylen<br \/>\n\u2013 Alkuper\u00e4maa: CN<br \/>\n&#8211; Farbe: Wei\u00df<\/p>","protected":false},"excerpt":{"rendered":"<p>Erh\u00f6hen Sie Ihr Sneaker-Spiel mit diesen Tommy Hilfiger Sportschuhen, die f\u00fcr den stilvollen Trendsetter entworfen wurden. Diese Sneakers vereinen Funktionalit\u00e4t mit High Fashion und heben sich mit ihren markanten k\u00f6nigsblauen Akzenten und dem auff\u00e4lligen Logodetail von der Masse ab. Sie sind eine tadellose Verschmelzung verschiedener Materialien, die sowohl Komfort als auch Haltbarkeit f\u00fcr den modernen [&hellip;]<\/p>","protected":false},"featured_media":344644,"template":"","meta":[],"product_brand":[2177],"product_cat":[1634,1624,1702],"product_tag":[],"class_list":{"0":"post-344647","1":"product","2":"type-product","3":"status-publish","4":"has-post-thumbnail","6":"product_brand-tommy-hilfiger","7":"product_cat-maenner-schuhe","8":"product_cat-schuhe","9":"product_cat-turnschuhe","11":"first","12":"instock","13":"sale","14":"taxable","15":"shipping-taxable","16":"purchasable","17":"product-type-variable"},"_links":{"self":[{"href":"https:\/\/tpmadalina42.supserv.cozmoslabs.com\/fi\/wp-json\/wp\/v2\/product\/344647","targetHints":{"allow":["GET"]}}],"collection":[{"href":"https:\/\/tpmadalina42.supserv.cozmoslabs.com\/fi\/wp-json\/wp\/v2\/product"}],"about":[{"href":"https:\/\/tpmadalina42.supserv.cozmoslabs.com\/fi\/wp-json\/wp\/v2\/types\/product"}],"wp:featuredmedia":[{"embeddable":true,"href":"https:\/\/tpmadalina42.supserv.cozmoslabs.com\/fi\/wp-json\/wp\/v2\/media\/344644"}],"wp:attachment":[{"href":"https:\/\/tpmadalina42.supserv.cozmoslabs.com\/fi\/wp-json\/wp\/v2\/media?parent=344647"}],"wp:term":[{"taxonomy":"product_brand","embeddable":true,"href":"https:\/\/tpmadalina42.supserv.cozmoslabs.com\/fi\/wp-json\/wp\/v2\/product_brand?post=344647"},{"taxonomy":"product_cat","embeddable":true,"href":"https:\/\/tpmadalina42.supserv.cozmoslabs.com\/fi\/wp-json\/wp\/v2\/product_cat?post=344647"},{"taxonomy":"product_tag","embeddable":true,"href":"https:\/\/tpmadalina42.supserv.cozmoslabs.com\/fi\/wp-json\/wp\/v2\/product_tag?post=344647"}],"curies":[{"name":"wp","href":"https:\/\/api.w.org\/{rel}","templated":true}]}}