{"id":344669,"date":"2024-11-27T09:43:56","date_gmt":"2024-11-27T08:43:56","guid":{"rendered":"https:\/\/glandine.com\/product\/fila-blauer-polyester-herren-sneaker\/"},"modified":"2024-12-13T06:35:50","modified_gmt":"2024-12-13T05:35:50","slug":"fila-blauer-polyester-herren-sneaker","status":"publish","type":"product","link":"https:\/\/tpmadalina42.supserv.cozmoslabs.com\/fi\/tuote-2\/fila-blauer-polyester-herren-sneaker\/","title":{"rendered":"Fila Blauer Polyester Herren Sneaker"},"content":{"rendered":"<p>Entfessle deine sportliche Seite mit den auff\u00e4lligen Fila Sports Sneakers, die bei jedem Schritt ein Statement setzen. Erleben Sie die perfekte Mischung aus Mode und Funktion, erg\u00e4nzt durch eine auff\u00e4llige Kontrastsohle, die darum bittet, aufzufallen. Das kultige Fila-Logo gepaart mit einem lebhaften Print sorgt daf\u00fcr, dass diese Sneaker nicht einfach nur Schuhe sind, sondern ein Modestatement, das mit unvergleichlichem Stil geschn\u00fcrt ist. Ideal f\u00fcr Trendsetter, die nach ihren eigenen Regeln spielen und ihr Leben in Bewegung halten.<\/p>\n<p>Material: 50% Polyester, 50% Polyethylen<br \/>\nAlkuper\u00e4maa: BD<br \/>\nV\u00e4ri: Sininen<\/p>","protected":false},"excerpt":{"rendered":"<p>Entfessle deine sportliche Seite mit den auff\u00e4lligen Fila Sports Sneakers, die bei jedem Schritt ein Statement setzen. Erleben Sie die perfekte Mischung aus Mode und Funktion, erg\u00e4nzt durch eine auff\u00e4llige Kontrastsohle, die darum bittet, aufzufallen. Das kultige Fila-Logo gepaart mit einem lebhaften Print sorgt daf\u00fcr, dass diese Sneaker nicht einfach nur Schuhe sind, sondern ein [&hellip;]<\/p>","protected":false},"featured_media":344666,"template":"","meta":[],"product_brand":[2150],"product_cat":[1634,1624,1702],"product_tag":[],"class_list":{"0":"post-344669","1":"product","2":"type-product","3":"status-publish","4":"has-post-thumbnail","6":"product_brand-fila","7":"product_cat-maenner-schuhe","8":"product_cat-schuhe","9":"product_cat-turnschuhe","11":"first","12":"instock","13":"sale","14":"taxable","15":"shipping-taxable","16":"purchasable","17":"product-type-variable"},"_links":{"self":[{"href":"https:\/\/tpmadalina42.supserv.cozmoslabs.com\/fi\/wp-json\/wp\/v2\/product\/344669","targetHints":{"allow":["GET"]}}],"collection":[{"href":"https:\/\/tpmadalina42.supserv.cozmoslabs.com\/fi\/wp-json\/wp\/v2\/product"}],"about":[{"href":"https:\/\/tpmadalina42.supserv.cozmoslabs.com\/fi\/wp-json\/wp\/v2\/types\/product"}],"wp:featuredmedia":[{"embeddable":true,"href":"https:\/\/tpmadalina42.supserv.cozmoslabs.com\/fi\/wp-json\/wp\/v2\/media\/344666"}],"wp:attachment":[{"href":"https:\/\/tpmadalina42.supserv.cozmoslabs.com\/fi\/wp-json\/wp\/v2\/media?parent=344669"}],"wp:term":[{"taxonomy":"product_brand","embeddable":true,"href":"https:\/\/tpmadalina42.supserv.cozmoslabs.com\/fi\/wp-json\/wp\/v2\/product_brand?post=344669"},{"taxonomy":"product_cat","embeddable":true,"href":"https:\/\/tpmadalina42.supserv.cozmoslabs.com\/fi\/wp-json\/wp\/v2\/product_cat?post=344669"},{"taxonomy":"product_tag","embeddable":true,"href":"https:\/\/tpmadalina42.supserv.cozmoslabs.com\/fi\/wp-json\/wp\/v2\/product_tag?post=344669"}],"curies":[{"name":"wp","href":"https:\/\/api.w.org\/{rel}","templated":true}]}}