{"id":344888,"date":"2024-11-27T11:35:13","date_gmt":"2024-11-27T10:35:13","guid":{"rendered":"https:\/\/glandine.com\/product\/yes-zee-gruene-nylonjacke\/"},"modified":"2024-12-07T19:42:50","modified_gmt":"2024-12-07T18:42:50","slug":"yes-zee-gruene-nylonjacke","status":"publish","type":"product","link":"https:\/\/tpmadalina42.supserv.cozmoslabs.com\/fi\/tuote-2\/yes-zee-gruene-nylonjacke\/","title":{"rendered":"Yes Zee Gr\u00fcne Nylonjacke"},"content":{"rendered":"<p>Yes Zee kurze Daunenjacke aus Nylonsoftshell mit G\u00e4nsedaunenwattierung, abnehmbarer Kapuze, gummiertem Rei\u00dfverschluss und zwei Seitentaschen<\/p>","protected":false},"excerpt":{"rendered":"<p>Yes Zee kurze Daunenjacke aus Nylonsoftshell mit G\u00e4nsedaunenwattierung, abnehmbarer Kapuze, gummiertem Rei\u00dfverschluss und zwei Seitentaschen<\/p>","protected":false},"featured_media":344886,"template":"","meta":[],"product_brand":[2181],"product_cat":[1633,1669,1623],"product_tag":[],"class_list":{"0":"post-344888","1":"product","2":"type-product","3":"status-publish","4":"has-post-thumbnail","6":"product_brand-yes-zee","7":"product_cat-maenner-kleidung","8":"product_cat-jacken","9":"product_cat-kleidung","11":"first","12":"instock","13":"sale","14":"taxable","15":"shipping-taxable","16":"purchasable","17":"product-type-variable"},"_links":{"self":[{"href":"https:\/\/tpmadalina42.supserv.cozmoslabs.com\/fi\/wp-json\/wp\/v2\/product\/344888","targetHints":{"allow":["GET"]}}],"collection":[{"href":"https:\/\/tpmadalina42.supserv.cozmoslabs.com\/fi\/wp-json\/wp\/v2\/product"}],"about":[{"href":"https:\/\/tpmadalina42.supserv.cozmoslabs.com\/fi\/wp-json\/wp\/v2\/types\/product"}],"wp:featuredmedia":[{"embeddable":true,"href":"https:\/\/tpmadalina42.supserv.cozmoslabs.com\/fi\/wp-json\/wp\/v2\/media\/344886"}],"wp:attachment":[{"href":"https:\/\/tpmadalina42.supserv.cozmoslabs.com\/fi\/wp-json\/wp\/v2\/media?parent=344888"}],"wp:term":[{"taxonomy":"product_brand","embeddable":true,"href":"https:\/\/tpmadalina42.supserv.cozmoslabs.com\/fi\/wp-json\/wp\/v2\/product_brand?post=344888"},{"taxonomy":"product_cat","embeddable":true,"href":"https:\/\/tpmadalina42.supserv.cozmoslabs.com\/fi\/wp-json\/wp\/v2\/product_cat?post=344888"},{"taxonomy":"product_tag","embeddable":true,"href":"https:\/\/tpmadalina42.supserv.cozmoslabs.com\/fi\/wp-json\/wp\/v2\/product_tag?post=344888"}],"curies":[{"name":"wp","href":"https:\/\/api.w.org\/{rel}","templated":true}]}}