{"id":345439,"date":"2024-11-27T18:39:43","date_gmt":"2024-11-27T17:39:43","guid":{"rendered":"https:\/\/glandine.com\/product\/aeronautica-militare-t-shirt-aus-blauer-baumwolle-3\/"},"modified":"2024-12-09T22:40:11","modified_gmt":"2024-12-09T21:40:11","slug":"aeronautica-militare-t-shirt-aus-blauer-baumwolle-3","status":"publish","type":"product","link":"https:\/\/tpmadalina42.supserv.cozmoslabs.com\/fi\/tuote-2\/aeronautica-militare-t-shirt-aus-blauer-baumwolle-3\/","title":{"rendered":"Aeronautica Militare T-paita sinist\u00e4 puuvillaa"},"content":{"rendered":"<p>T-Shirt au\u00dfen, kurze \u00c4rmel, V-Ausschnitt, Logo<\/p>","protected":false},"excerpt":{"rendered":"<p>T-Shirt au\u00dfen, kurze \u00c4rmel, V-Ausschnitt, Logo<\/p>","protected":false},"featured_media":345437,"template":"","meta":[],"product_brand":[2242],"product_cat":[1633,1623,1710],"product_tag":[],"class_list":{"0":"post-345439","1":"product","2":"type-product","3":"status-publish","4":"has-post-thumbnail","6":"product_brand-aeronautica-militare","7":"product_cat-maenner-kleidung","8":"product_cat-kleidung","9":"product_cat-t-shirts","11":"first","12":"instock","13":"sale","14":"taxable","15":"shipping-taxable","16":"purchasable","17":"product-type-variable"},"_links":{"self":[{"href":"https:\/\/tpmadalina42.supserv.cozmoslabs.com\/fi\/wp-json\/wp\/v2\/product\/345439","targetHints":{"allow":["GET"]}}],"collection":[{"href":"https:\/\/tpmadalina42.supserv.cozmoslabs.com\/fi\/wp-json\/wp\/v2\/product"}],"about":[{"href":"https:\/\/tpmadalina42.supserv.cozmoslabs.com\/fi\/wp-json\/wp\/v2\/types\/product"}],"wp:featuredmedia":[{"embeddable":true,"href":"https:\/\/tpmadalina42.supserv.cozmoslabs.com\/fi\/wp-json\/wp\/v2\/media\/345437"}],"wp:attachment":[{"href":"https:\/\/tpmadalina42.supserv.cozmoslabs.com\/fi\/wp-json\/wp\/v2\/media?parent=345439"}],"wp:term":[{"taxonomy":"product_brand","embeddable":true,"href":"https:\/\/tpmadalina42.supserv.cozmoslabs.com\/fi\/wp-json\/wp\/v2\/product_brand?post=345439"},{"taxonomy":"product_cat","embeddable":true,"href":"https:\/\/tpmadalina42.supserv.cozmoslabs.com\/fi\/wp-json\/wp\/v2\/product_cat?post=345439"},{"taxonomy":"product_tag","embeddable":true,"href":"https:\/\/tpmadalina42.supserv.cozmoslabs.com\/fi\/wp-json\/wp\/v2\/product_tag?post=345439"}],"curies":[{"name":"wp","href":"https:\/\/api.w.org\/{rel}","templated":true}]}}