{"id":348093,"date":"2024-11-28T13:05:54","date_gmt":"2024-11-28T12:05:54","guid":{"rendered":"https:\/\/glandine.com\/product\/armani-exchange-weisser-baumwollpullover\/"},"modified":"2024-12-02T22:43:27","modified_gmt":"2024-12-02T21:43:27","slug":"armani-exchange-weisser-baumwollpullover","status":"publish","type":"product","link":"https:\/\/tpmadalina42.supserv.cozmoslabs.com\/fi\/tuote-2\/armani-exchange-weisser-baumwollpullover\/","title":{"rendered":"Armani Exchange Wei\u00dfer Baumwollpullover"},"content":{"rendered":"<p><br>&#8211; SWEATSHIRT F\u00dcR FRAUEN OHNE KAPUZE- <br>KOLLEKTION: FR\u00dcHLING\/SOMMER- <br>ZUSAMMENSETZUNG: 100% BAUMWOLLE<\/BR><\/BR><br><br><br><\/BR><\/BR><\/p>","protected":false},"excerpt":{"rendered":"<p>&#8211; SWEATSHIRT F\u00dcR FRAUEN OHNE KAPUZE- KOLLEKTION: FR\u00dcHLING\/SOMMER- ZUSAMMENSETZUNG: 100% BAUMWOLLE<\/p>","protected":false},"featured_media":348090,"template":"","meta":[],"product_brand":[2152],"product_cat":[1637,1623],"product_tag":[],"class_list":{"0":"post-348093","1":"product","2":"type-product","3":"status-publish","4":"has-post-thumbnail","6":"product_brand-armani-exchange","7":"product_cat-frauen-kleidung","8":"product_cat-kleidung","10":"first","11":"instock","12":"sale","13":"taxable","14":"shipping-taxable","15":"purchasable","16":"product-type-variable"},"_links":{"self":[{"href":"https:\/\/tpmadalina42.supserv.cozmoslabs.com\/fi\/wp-json\/wp\/v2\/product\/348093","targetHints":{"allow":["GET"]}}],"collection":[{"href":"https:\/\/tpmadalina42.supserv.cozmoslabs.com\/fi\/wp-json\/wp\/v2\/product"}],"about":[{"href":"https:\/\/tpmadalina42.supserv.cozmoslabs.com\/fi\/wp-json\/wp\/v2\/types\/product"}],"wp:featuredmedia":[{"embeddable":true,"href":"https:\/\/tpmadalina42.supserv.cozmoslabs.com\/fi\/wp-json\/wp\/v2\/media\/348090"}],"wp:attachment":[{"href":"https:\/\/tpmadalina42.supserv.cozmoslabs.com\/fi\/wp-json\/wp\/v2\/media?parent=348093"}],"wp:term":[{"taxonomy":"product_brand","embeddable":true,"href":"https:\/\/tpmadalina42.supserv.cozmoslabs.com\/fi\/wp-json\/wp\/v2\/product_brand?post=348093"},{"taxonomy":"product_cat","embeddable":true,"href":"https:\/\/tpmadalina42.supserv.cozmoslabs.com\/fi\/wp-json\/wp\/v2\/product_cat?post=348093"},{"taxonomy":"product_tag","embeddable":true,"href":"https:\/\/tpmadalina42.supserv.cozmoslabs.com\/fi\/wp-json\/wp\/v2\/product_tag?post=348093"}],"curies":[{"name":"wp","href":"https:\/\/api.w.org\/{rel}","templated":true}]}}