{"id":350412,"date":"2024-11-29T03:58:46","date_gmt":"2024-11-29T02:58:46","guid":{"rendered":"https:\/\/glandine.com\/product\/robert-friedman-beige-baumwolle-maenner-hemd-7\/"},"modified":"2024-11-29T23:10:22","modified_gmt":"2024-11-29T22:10:22","slug":"robert-friedman-beige-baumwolle-maenner-hemd-7","status":"publish","type":"product","link":"https:\/\/tpmadalina42.supserv.cozmoslabs.com\/fi\/tuote-2\/robert-friedman-beige-baumwolle-maenner-hemd-7\/","title":{"rendered":"Robert Friedman Beige Baumwolle M\u00e4nner Hemd"},"content":{"rendered":"<p>Peppen Sie Ihre Garderobe mit der unvergleichlichen Handwerkskunst eines Robert Friedman-Hemdes auf. Dieses klassische Button-down-Hemd ist eine perfekte Mischung aus modernem Stil und zeitloser Eleganz. Die Atmungsaktivit\u00e4t und der Tragekomfort des Hemdes aus 100 % hochwertiger Baumwolle machen es zu einer unverzichtbaren Erg\u00e4nzung der Kollektion eines jeden anspruchsvollen Mannes. Die dezente Beiget\u00f6nung sorgt daf\u00fcr, dass es sich m\u00fchelos mit Ihren Lieblingshosen kombinieren l\u00e4sst &#8211; f\u00fcr einen nahtlosen \u00dcbergang vom B\u00fcroschick zur abendlichen Raffinesse.<\/p>\n<p>Materiaali: 100% puuvilla<br \/>\nAlkuper\u00e4maa: AL<br \/>\nV\u00e4ri: beige<\/p>","protected":false},"excerpt":{"rendered":"<p>Peppen Sie Ihre Garderobe mit der unvergleichlichen Handwerkskunst eines Robert Friedman-Hemdes auf. Dieses klassische Button-down-Hemd ist eine perfekte Mischung aus modernem Stil und zeitloser Eleganz. Die Atmungsaktivit\u00e4t und der Tragekomfort des Hemdes aus 100 % hochwertiger Baumwolle machen es zu einer unverzichtbaren Erg\u00e4nzung der Kollektion eines jeden anspruchsvollen Mannes. Die dezente Beiget\u00f6nung sorgt daf\u00fcr, dass [&hellip;]<\/p>","protected":false},"featured_media":350408,"template":"","meta":[],"product_brand":[2073],"product_cat":[1695,1633,1623],"product_tag":[],"class_list":{"0":"post-350412","1":"product","2":"type-product","3":"status-publish","4":"has-post-thumbnail","6":"product_brand-robert-friedman","7":"product_cat-hemden","8":"product_cat-maenner-kleidung","9":"product_cat-kleidung","11":"first","12":"instock","13":"sale","14":"taxable","15":"shipping-taxable","16":"purchasable","17":"product-type-variable"},"_links":{"self":[{"href":"https:\/\/tpmadalina42.supserv.cozmoslabs.com\/fi\/wp-json\/wp\/v2\/product\/350412","targetHints":{"allow":["GET"]}}],"collection":[{"href":"https:\/\/tpmadalina42.supserv.cozmoslabs.com\/fi\/wp-json\/wp\/v2\/product"}],"about":[{"href":"https:\/\/tpmadalina42.supserv.cozmoslabs.com\/fi\/wp-json\/wp\/v2\/types\/product"}],"wp:featuredmedia":[{"embeddable":true,"href":"https:\/\/tpmadalina42.supserv.cozmoslabs.com\/fi\/wp-json\/wp\/v2\/media\/350408"}],"wp:attachment":[{"href":"https:\/\/tpmadalina42.supserv.cozmoslabs.com\/fi\/wp-json\/wp\/v2\/media?parent=350412"}],"wp:term":[{"taxonomy":"product_brand","embeddable":true,"href":"https:\/\/tpmadalina42.supserv.cozmoslabs.com\/fi\/wp-json\/wp\/v2\/product_brand?post=350412"},{"taxonomy":"product_cat","embeddable":true,"href":"https:\/\/tpmadalina42.supserv.cozmoslabs.com\/fi\/wp-json\/wp\/v2\/product_cat?post=350412"},{"taxonomy":"product_tag","embeddable":true,"href":"https:\/\/tpmadalina42.supserv.cozmoslabs.com\/fi\/wp-json\/wp\/v2\/product_tag?post=350412"}],"curies":[{"name":"wp","href":"https:\/\/api.w.org\/{rel}","templated":true}]}}