{"id":350536,"date":"2024-11-29T05:21:37","date_gmt":"2024-11-29T04:21:37","guid":{"rendered":"https:\/\/glandine.com\/product\/gant-blaues-viskose-poloshirt-fuer-frauen\/"},"modified":"2024-11-30T00:31:47","modified_gmt":"2024-11-29T23:31:47","slug":"gant-blaues-viskose-poloshirt-fuer-frauen","status":"publish","type":"product","link":"https:\/\/tpmadalina42.supserv.cozmoslabs.com\/fi\/tuote-2\/gant-blaues-viskose-poloshirt-fuer-frauen\/","title":{"rendered":"Gant Blaues Viskose-Poloshirt f\u00fcr Frauen"},"content":{"rendered":"<p>Erh\u00f6hen Sie Ihre allt\u00e4gliche Eleganz mit dem 3\/4-\u00c4rmel-Poloshirt von Gant, einem Zeugnis zeitlosen Stils, der sich mit moderner Sensibilit\u00e4t verbindet. Dieses schicke Oberteil mit einem Trio von Kn\u00f6pfen und dem ikonischen Gant-Logo strahlt Raffinesse und ein furchtloses Modestatement aus. Es ist aus luxuri\u00f6ser 100%iger Viskose gefertigt und verspricht einen weichen Griff und einen schmeichelhaften Faltenwurf. Perfekt f\u00fcr alle, die eine k\u00fchne und trendige \u00c4sthetik bevorzugen und gleichzeitig h\u00f6chste Anspr\u00fcche an Qualit\u00e4t und Komfort stellen. <\/p>\n<p>&#8211; Material: 100% Viskose<br \/>\n\u2013 Alkuper\u00e4maa: CN<br \/>\n- V\u00e4ri: sininen<\/p>","protected":false},"excerpt":{"rendered":"<p>Erh\u00f6hen Sie Ihre allt\u00e4gliche Eleganz mit dem 3\/4-\u00c4rmel-Poloshirt von Gant, einem Zeugnis zeitlosen Stils, der sich mit moderner Sensibilit\u00e4t verbindet. Dieses schicke Oberteil mit einem Trio von Kn\u00f6pfen und dem ikonischen Gant-Logo strahlt Raffinesse und ein furchtloses Modestatement aus. Es ist aus luxuri\u00f6ser 100%iger Viskose gefertigt und verspricht einen weichen Griff und einen schmeichelhaften Faltenwurf. [&hellip;]<\/p>","protected":false},"featured_media":350534,"template":"","meta":[],"product_brand":[2273],"product_cat":[1637,1623,1739],"product_tag":[],"class_list":{"0":"post-350536","1":"product","2":"type-product","3":"status-publish","4":"has-post-thumbnail","6":"product_brand-gant","7":"product_cat-frauen-kleidung","8":"product_cat-kleidung","9":"product_cat-polohemd-frauen-kleidung","11":"first","12":"instock","13":"sale","14":"taxable","15":"shipping-taxable","16":"purchasable","17":"product-type-variable"},"_links":{"self":[{"href":"https:\/\/tpmadalina42.supserv.cozmoslabs.com\/fi\/wp-json\/wp\/v2\/product\/350536","targetHints":{"allow":["GET"]}}],"collection":[{"href":"https:\/\/tpmadalina42.supserv.cozmoslabs.com\/fi\/wp-json\/wp\/v2\/product"}],"about":[{"href":"https:\/\/tpmadalina42.supserv.cozmoslabs.com\/fi\/wp-json\/wp\/v2\/types\/product"}],"wp:featuredmedia":[{"embeddable":true,"href":"https:\/\/tpmadalina42.supserv.cozmoslabs.com\/fi\/wp-json\/wp\/v2\/media\/350534"}],"wp:attachment":[{"href":"https:\/\/tpmadalina42.supserv.cozmoslabs.com\/fi\/wp-json\/wp\/v2\/media?parent=350536"}],"wp:term":[{"taxonomy":"product_brand","embeddable":true,"href":"https:\/\/tpmadalina42.supserv.cozmoslabs.com\/fi\/wp-json\/wp\/v2\/product_brand?post=350536"},{"taxonomy":"product_cat","embeddable":true,"href":"https:\/\/tpmadalina42.supserv.cozmoslabs.com\/fi\/wp-json\/wp\/v2\/product_cat?post=350536"},{"taxonomy":"product_tag","embeddable":true,"href":"https:\/\/tpmadalina42.supserv.cozmoslabs.com\/fi\/wp-json\/wp\/v2\/product_tag?post=350536"}],"curies":[{"name":"wp","href":"https:\/\/api.w.org\/{rel}","templated":true}]}}