{"id":350790,"date":"2024-11-29T06:43:28","date_gmt":"2024-11-29T05:43:28","guid":{"rendered":"https:\/\/glandine.com\/product\/blauer-blaue-leder-herren-sneaker-3\/"},"modified":"2024-11-30T01:50:26","modified_gmt":"2024-11-30T00:50:26","slug":"blauer-blaue-leder-herren-sneaker-3","status":"publish","type":"product","link":"https:\/\/tpmadalina42.supserv.cozmoslabs.com\/fi\/tuote-2\/blauer-blaue-leder-herren-sneaker-3\/","title":{"rendered":"Blauer Sininen nahkainen miesten lenkkari"},"content":{"rendered":"<p>Heben Sie Ihren Freizeitstil mit diesen mutigen und dynamischen Sneakers von Blauer hervor. Perfekt f\u00fcr den modernen Gro\u00dfst\u00e4dter auf dem Sprung, sind diese Sportschuhe eine Symphonie aus Funktion und Mode. Mit kontrastierenden Details und dem unverwechselbaren Blauer-Logo sind sie ein echtes Statement. Gefertigt aus einem harmonischen Materialmix, versprechen sie Langlebigkeit und Komfort.<\/p>\n<p>Material: 30% Polyester, 40% Leder, 30% Polyethylen<br \/>\nAlkuper\u00e4maa: CN<br \/>\nV\u00e4ri: Sininen<\/p>","protected":false},"excerpt":{"rendered":"<p>Heben Sie Ihren Freizeitstil mit diesen mutigen und dynamischen Sneakers von Blauer hervor. Perfekt f\u00fcr den modernen Gro\u00dfst\u00e4dter auf dem Sprung, sind diese Sportschuhe eine Symphonie aus Funktion und Mode. Mit kontrastierenden Details und dem unverwechselbaren Blauer-Logo sind sie ein echtes Statement. Gefertigt aus einem harmonischen Materialmix, versprechen sie Langlebigkeit und Komfort. Material: 30% Polyester, [&hellip;]<\/p>","protected":false},"featured_media":350787,"template":"","meta":[],"product_brand":[2317],"product_cat":[1634,1624,1702],"product_tag":[],"class_list":{"0":"post-350790","1":"product","2":"type-product","3":"status-publish","4":"has-post-thumbnail","6":"product_brand-blauer","7":"product_cat-maenner-schuhe","8":"product_cat-schuhe","9":"product_cat-turnschuhe","11":"first","12":"instock","13":"sale","14":"taxable","15":"shipping-taxable","16":"purchasable","17":"product-type-variable"},"_links":{"self":[{"href":"https:\/\/tpmadalina42.supserv.cozmoslabs.com\/fi\/wp-json\/wp\/v2\/product\/350790","targetHints":{"allow":["GET"]}}],"collection":[{"href":"https:\/\/tpmadalina42.supserv.cozmoslabs.com\/fi\/wp-json\/wp\/v2\/product"}],"about":[{"href":"https:\/\/tpmadalina42.supserv.cozmoslabs.com\/fi\/wp-json\/wp\/v2\/types\/product"}],"wp:featuredmedia":[{"embeddable":true,"href":"https:\/\/tpmadalina42.supserv.cozmoslabs.com\/fi\/wp-json\/wp\/v2\/media\/350787"}],"wp:attachment":[{"href":"https:\/\/tpmadalina42.supserv.cozmoslabs.com\/fi\/wp-json\/wp\/v2\/media?parent=350790"}],"wp:term":[{"taxonomy":"product_brand","embeddable":true,"href":"https:\/\/tpmadalina42.supserv.cozmoslabs.com\/fi\/wp-json\/wp\/v2\/product_brand?post=350790"},{"taxonomy":"product_cat","embeddable":true,"href":"https:\/\/tpmadalina42.supserv.cozmoslabs.com\/fi\/wp-json\/wp\/v2\/product_cat?post=350790"},{"taxonomy":"product_tag","embeddable":true,"href":"https:\/\/tpmadalina42.supserv.cozmoslabs.com\/fi\/wp-json\/wp\/v2\/product_tag?post=350790"}],"curies":[{"name":"wp","href":"https:\/\/api.w.org\/{rel}","templated":true}]}}