{"id":350956,"date":"2024-11-29T07:37:14","date_gmt":"2024-11-29T06:37:14","guid":{"rendered":"https:\/\/glandine.com\/product\/napapijri-weisser-polyester-damen-sneaker\/"},"modified":"2024-11-30T02:38:32","modified_gmt":"2024-11-30T01:38:32","slug":"napapijri-weisser-polyester-damen-sneaker","status":"publish","type":"product","link":"https:\/\/tpmadalina42.supserv.cozmoslabs.com\/fi\/tuote-2\/napapijri-weisser-polyester-damen-sneaker\/","title":{"rendered":"Napapijri Wei\u00dfer Polyester Damen Sneaker"},"content":{"rendered":"<p>Entfesseln Sie die Essenz des zeitgen\u00f6ssischen Stils gemischt mit sportlichem Flair mit den Napapijri Sneakers. Dieses Paar ist mehr als nur Schuhwerk, es ist ein modisches Statement f\u00fcr Trendsetter. Freuen Sie sich auf die kr\u00e4ftige wei\u00dfe Farbgebung, die durch auff\u00e4llige Kontrastdetails erg\u00e4nzt wird. Ein zweiter Satz Schn\u00fcrsenkel sorgt f\u00fcr Abwechslung, und das kultige Napapijri-Logo macht diese Schuhe unverwechselbar. Traust du dich, aufzufallen? Steig in diese Sneaker ein und lass jeden Schritt deinen einzigartigen Geist widerspiegeln.<\/p>\n<p>V\u00e4ri: Valkoinen<br \/>\nMaterial: 50% Polyester, 50% Polyethylen<br \/>\nAlkuper\u00e4maa: CN<\/p>","protected":false},"excerpt":{"rendered":"<p>Entfesseln Sie die Essenz des zeitgen\u00f6ssischen Stils gemischt mit sportlichem Flair mit den Napapijri Sneakers. Dieses Paar ist mehr als nur Schuhwerk, es ist ein modisches Statement f\u00fcr Trendsetter. Freuen Sie sich auf die kr\u00e4ftige wei\u00dfe Farbgebung, die durch auff\u00e4llige Kontrastdetails erg\u00e4nzt wird. Ein zweiter Satz Schn\u00fcrsenkel sorgt f\u00fcr Abwechslung, und das kultige Napapijri-Logo macht [&hellip;]<\/p>","protected":false},"featured_media":350953,"template":"","meta":[],"product_brand":[2312],"product_cat":[1635,1624,1703],"product_tag":[],"class_list":{"0":"post-350956","1":"product","2":"type-product","3":"status-publish","4":"has-post-thumbnail","6":"product_brand-napapijri","7":"product_cat-frauen-schuhe","8":"product_cat-schuhe","9":"product_cat-turnschuhe-frauen-schuhe","11":"first","12":"instock","13":"sale","14":"taxable","15":"shipping-taxable","16":"purchasable","17":"product-type-variable"},"_links":{"self":[{"href":"https:\/\/tpmadalina42.supserv.cozmoslabs.com\/fi\/wp-json\/wp\/v2\/product\/350956","targetHints":{"allow":["GET"]}}],"collection":[{"href":"https:\/\/tpmadalina42.supserv.cozmoslabs.com\/fi\/wp-json\/wp\/v2\/product"}],"about":[{"href":"https:\/\/tpmadalina42.supserv.cozmoslabs.com\/fi\/wp-json\/wp\/v2\/types\/product"}],"wp:featuredmedia":[{"embeddable":true,"href":"https:\/\/tpmadalina42.supserv.cozmoslabs.com\/fi\/wp-json\/wp\/v2\/media\/350953"}],"wp:attachment":[{"href":"https:\/\/tpmadalina42.supserv.cozmoslabs.com\/fi\/wp-json\/wp\/v2\/media?parent=350956"}],"wp:term":[{"taxonomy":"product_brand","embeddable":true,"href":"https:\/\/tpmadalina42.supserv.cozmoslabs.com\/fi\/wp-json\/wp\/v2\/product_brand?post=350956"},{"taxonomy":"product_cat","embeddable":true,"href":"https:\/\/tpmadalina42.supserv.cozmoslabs.com\/fi\/wp-json\/wp\/v2\/product_cat?post=350956"},{"taxonomy":"product_tag","embeddable":true,"href":"https:\/\/tpmadalina42.supserv.cozmoslabs.com\/fi\/wp-json\/wp\/v2\/product_tag?post=350956"}],"curies":[{"name":"wp","href":"https:\/\/api.w.org\/{rel}","templated":true}]}}