{"id":351399,"date":"2024-11-30T08:12:20","date_gmt":"2024-11-30T07:12:20","guid":{"rendered":"https:\/\/glandine.com\/product\/napapijri-weisser-baumwollpullover-fuer-maenner-3\/"},"modified":"2024-11-30T08:12:23","modified_gmt":"2024-11-30T07:12:23","slug":"napapijri-weisser-baumwollpullover-fuer-maenner-3","status":"publish","type":"product","link":"https:\/\/tpmadalina42.supserv.cozmoslabs.com\/fi\/tuote-2\/napapijri-weisser-baumwollpullover-fuer-maenner-3\/","title":{"rendered":"Napapijri Wei\u00dfer Baumwollpullover f\u00fcr M\u00e4nner"},"content":{"rendered":"<p>Peppen Sie Ihre Freizeitgarderobe mit diesem makellosen, wei\u00dfen Kapuzensweatshirt von Napapijri auf. Es verbindet nahtlos Komfort mit ikonischem Stil und verf\u00fcgt \u00fcber eine auff\u00e4llige Logo-Applikation, die daf\u00fcr sorgt, dass Ihr Look f\u00fcr seinen Premium-Geschmack bekannt ist. Die Mischung aus 80% Baumwolle und 20% Polyester verspricht Weichheit und Langlebigkeit. Perfekt f\u00fcr alle, die mit ihrer Freizeitkleidung ein Statement setzen und gleichzeitig den Luxus hochwertiger Materialien genie\u00dfen m\u00f6chten.<\/p>\n<p>Materiaali: 80% puuvilla, 20% polyesteri<br \/>\nAlkuper\u00e4maa: TR<br \/>\nV\u00e4ri: Valkoinen<br \/>\nMarke: Napapijri<\/p>","protected":false},"excerpt":{"rendered":"<p>Peppen Sie Ihre Freizeitgarderobe mit diesem makellosen, wei\u00dfen Kapuzensweatshirt von Napapijri auf. Es verbindet nahtlos Komfort mit ikonischem Stil und verf\u00fcgt \u00fcber eine auff\u00e4llige Logo-Applikation, die daf\u00fcr sorgt, dass Ihr Look f\u00fcr seinen Premium-Geschmack bekannt ist. Die Mischung aus 80% Baumwolle und 20% Polyester verspricht Weichheit und Langlebigkeit. Perfekt f\u00fcr alle, die mit ihrer Freizeitkleidung [&hellip;]<\/p>","protected":false},"featured_media":351397,"template":"","meta":[],"product_brand":[2312],"product_cat":[1633,1623],"product_tag":[],"class_list":{"0":"post-351399","1":"product","2":"type-product","3":"status-publish","4":"has-post-thumbnail","6":"product_brand-napapijri","7":"product_cat-maenner-kleidung","8":"product_cat-kleidung","10":"first","11":"instock","12":"sale","13":"taxable","14":"shipping-taxable","15":"purchasable","16":"product-type-variable"},"_links":{"self":[{"href":"https:\/\/tpmadalina42.supserv.cozmoslabs.com\/fi\/wp-json\/wp\/v2\/product\/351399","targetHints":{"allow":["GET"]}}],"collection":[{"href":"https:\/\/tpmadalina42.supserv.cozmoslabs.com\/fi\/wp-json\/wp\/v2\/product"}],"about":[{"href":"https:\/\/tpmadalina42.supserv.cozmoslabs.com\/fi\/wp-json\/wp\/v2\/types\/product"}],"wp:featuredmedia":[{"embeddable":true,"href":"https:\/\/tpmadalina42.supserv.cozmoslabs.com\/fi\/wp-json\/wp\/v2\/media\/351397"}],"wp:attachment":[{"href":"https:\/\/tpmadalina42.supserv.cozmoslabs.com\/fi\/wp-json\/wp\/v2\/media?parent=351399"}],"wp:term":[{"taxonomy":"product_brand","embeddable":true,"href":"https:\/\/tpmadalina42.supserv.cozmoslabs.com\/fi\/wp-json\/wp\/v2\/product_brand?post=351399"},{"taxonomy":"product_cat","embeddable":true,"href":"https:\/\/tpmadalina42.supserv.cozmoslabs.com\/fi\/wp-json\/wp\/v2\/product_cat?post=351399"},{"taxonomy":"product_tag","embeddable":true,"href":"https:\/\/tpmadalina42.supserv.cozmoslabs.com\/fi\/wp-json\/wp\/v2\/product_tag?post=351399"}],"curies":[{"name":"wp","href":"https:\/\/api.w.org\/{rel}","templated":true}]}}