{"id":351434,"date":"2024-11-30T08:21:15","date_gmt":"2024-11-30T07:21:15","guid":{"rendered":"https:\/\/glandine.com\/product\/plein-sport-schlichtes-blaues-t-shirt-mit-rundhalsausschnitt-und-kontrastierenden-prints\/"},"modified":"2024-12-06T16:21:36","modified_gmt":"2024-12-06T15:21:36","slug":"plein-sport-schlichtes-blaues-t-shirt-mit-rundhalsausschnitt-und-kontrastierenden-prints","status":"publish","type":"product","link":"https:\/\/tpmadalina42.supserv.cozmoslabs.com\/fi\/tuote-2\/plein-sport-schlichtes-blaues-t-shirt-mit-rundhalsausschnitt-und-kontrastierenden-prints\/","title":{"rendered":"Plein Sport Schlichtes blaues T-Shirt mit Rundhalsausschnitt und kontrastierenden Prints"},"content":{"rendered":"<p>Verstr\u00f6men Sie l\u00e4ssige Eleganz mit diesem auff\u00e4lligen Kurzarm-T-Shirt von Plein Sport. Der klassische Rundhalsausschnitt wird durch auff\u00e4llige Prints und kontrastierende Details erg\u00e4nzt. Das charakteristische Logo verleiht diesem Alltagsst\u00fcck eine exklusive Note.<\/p>\n<ul>\n<li>Materiaali: 100% puuvilla<\/li>\n<li>Herkunftsland: JO<\/li>\n<li>V\u00e4ri: Sininen<\/li>\n<\/ul>","protected":false},"excerpt":{"rendered":"<p>Verstr\u00f6men Sie l\u00e4ssige Eleganz mit diesem auff\u00e4lligen Kurzarm-T-Shirt von Plein Sport. Der klassische Rundhalsausschnitt wird durch auff\u00e4llige Prints und kontrastierende Details erg\u00e4nzt. Das charakteristische Logo verleiht diesem Alltagsst\u00fcck eine exklusive Note. Material: 100% Baumwolle Herkunftsland: JO Farbe: Blau<\/p>","protected":false},"featured_media":351432,"template":"","meta":[],"product_brand":[2108],"product_cat":[1633,1623,1710],"product_tag":[],"class_list":{"0":"post-351434","1":"product","2":"type-product","3":"status-publish","4":"has-post-thumbnail","6":"product_brand-plein-sport","7":"product_cat-maenner-kleidung","8":"product_cat-kleidung","9":"product_cat-t-shirts","11":"first","12":"instock","13":"sale","14":"taxable","15":"shipping-taxable","16":"purchasable","17":"product-type-variable"},"_links":{"self":[{"href":"https:\/\/tpmadalina42.supserv.cozmoslabs.com\/fi\/wp-json\/wp\/v2\/product\/351434","targetHints":{"allow":["GET"]}}],"collection":[{"href":"https:\/\/tpmadalina42.supserv.cozmoslabs.com\/fi\/wp-json\/wp\/v2\/product"}],"about":[{"href":"https:\/\/tpmadalina42.supserv.cozmoslabs.com\/fi\/wp-json\/wp\/v2\/types\/product"}],"wp:featuredmedia":[{"embeddable":true,"href":"https:\/\/tpmadalina42.supserv.cozmoslabs.com\/fi\/wp-json\/wp\/v2\/media\/351432"}],"wp:attachment":[{"href":"https:\/\/tpmadalina42.supserv.cozmoslabs.com\/fi\/wp-json\/wp\/v2\/media?parent=351434"}],"wp:term":[{"taxonomy":"product_brand","embeddable":true,"href":"https:\/\/tpmadalina42.supserv.cozmoslabs.com\/fi\/wp-json\/wp\/v2\/product_brand?post=351434"},{"taxonomy":"product_cat","embeddable":true,"href":"https:\/\/tpmadalina42.supserv.cozmoslabs.com\/fi\/wp-json\/wp\/v2\/product_cat?post=351434"},{"taxonomy":"product_tag","embeddable":true,"href":"https:\/\/tpmadalina42.supserv.cozmoslabs.com\/fi\/wp-json\/wp\/v2\/product_tag?post=351434"}],"curies":[{"name":"wp","href":"https:\/\/api.w.org\/{rel}","templated":true}]}}