{"id":351514,"date":"2024-11-30T08:51:29","date_gmt":"2024-11-30T07:51:29","guid":{"rendered":"https:\/\/glandine.com\/product\/plein-sport-weisses-baumwolle-maenner-t-shirt-13\/"},"modified":"2024-12-09T12:35:12","modified_gmt":"2024-12-09T11:35:12","slug":"plein-sport-weisses-baumwolle-maenner-t-shirt-13","status":"publish","type":"product","link":"https:\/\/tpmadalina42.supserv.cozmoslabs.com\/fi\/tuote-2\/plein-sport-weisses-baumwolle-maenner-t-shirt-13\/","title":{"rendered":"Plein Sport Valkoinen puuvillainen miesten T-paita"},"content":{"rendered":"<p>Die neueste Kreation von Plein Sport ist der Inbegriff von mutigem Stil und sportlicher Eleganz. Dieses kurz\u00e4rmelige T-Shirt ist mehr als nur ein Kleidungsst\u00fcck; es ist ein Statement. Es ist aus einem klaren, wei\u00dfen Stoff gefertigt, der den gewagten Aufdruck und das ikonische Logo der Marke perfekt zur Geltung bringt und die ultimative Verschmelzung von Mode und Sport darstellt. Jeder Faden dieses St\u00fccks spricht zu denjenigen, die es wagen, sich von der Masse abzuheben.   <\/p>\n<p>Materiaali: 100% puuvilla<br \/>\nHerkunftsland: JO<br \/>\nV\u00e4ri: Valkoinen  <\/p>","protected":false},"excerpt":{"rendered":"<p>Die neueste Kreation von Plein Sport ist der Inbegriff von mutigem Stil und sportlicher Eleganz. Dieses kurz\u00e4rmelige T-Shirt ist mehr als nur ein Kleidungsst\u00fcck; es ist ein Statement. Es ist aus einem klaren, wei\u00dfen Stoff gefertigt, der den gewagten Aufdruck und das ikonische Logo der Marke perfekt zur Geltung bringt und die ultimative Verschmelzung von [&hellip;]<\/p>","protected":false},"featured_media":351512,"template":"","meta":[],"product_brand":[2108],"product_cat":[1633,1623,1710],"product_tag":[],"class_list":{"0":"post-351514","1":"product","2":"type-product","3":"status-publish","4":"has-post-thumbnail","6":"product_brand-plein-sport","7":"product_cat-maenner-kleidung","8":"product_cat-kleidung","9":"product_cat-t-shirts","11":"first","12":"instock","13":"sale","14":"taxable","15":"shipping-taxable","16":"purchasable","17":"product-type-variable"},"_links":{"self":[{"href":"https:\/\/tpmadalina42.supserv.cozmoslabs.com\/fi\/wp-json\/wp\/v2\/product\/351514","targetHints":{"allow":["GET"]}}],"collection":[{"href":"https:\/\/tpmadalina42.supserv.cozmoslabs.com\/fi\/wp-json\/wp\/v2\/product"}],"about":[{"href":"https:\/\/tpmadalina42.supserv.cozmoslabs.com\/fi\/wp-json\/wp\/v2\/types\/product"}],"wp:featuredmedia":[{"embeddable":true,"href":"https:\/\/tpmadalina42.supserv.cozmoslabs.com\/fi\/wp-json\/wp\/v2\/media\/351512"}],"wp:attachment":[{"href":"https:\/\/tpmadalina42.supserv.cozmoslabs.com\/fi\/wp-json\/wp\/v2\/media?parent=351514"}],"wp:term":[{"taxonomy":"product_brand","embeddable":true,"href":"https:\/\/tpmadalina42.supserv.cozmoslabs.com\/fi\/wp-json\/wp\/v2\/product_brand?post=351514"},{"taxonomy":"product_cat","embeddable":true,"href":"https:\/\/tpmadalina42.supserv.cozmoslabs.com\/fi\/wp-json\/wp\/v2\/product_cat?post=351514"},{"taxonomy":"product_tag","embeddable":true,"href":"https:\/\/tpmadalina42.supserv.cozmoslabs.com\/fi\/wp-json\/wp\/v2\/product_tag?post=351514"}],"curies":[{"name":"wp","href":"https:\/\/api.w.org\/{rel}","templated":true}]}}