{"id":351528,"date":"2024-11-30T09:03:43","date_gmt":"2024-11-30T08:03:43","guid":{"rendered":"https:\/\/glandine.com\/product\/calvin-klein-schwarzer-baumwollpullover-fuer-maenner-24\/"},"modified":"2024-12-12T02:43:51","modified_gmt":"2024-12-12T01:43:51","slug":"calvin-klein-schwarzer-baumwollpullover-fuer-maenner-24","status":"publish","type":"product","link":"https:\/\/tpmadalina42.supserv.cozmoslabs.com\/fi\/tuote-2\/calvin-klein-schwarzer-baumwollpullover-fuer-maenner-24\/","title":{"rendered":"Calvin Klein Schwarzer Baumwollpullover f\u00fcr M\u00e4nner"},"content":{"rendered":"<p>Entfesseln Sie Ihren Style-Quotienten mit dem tadellos gefertigten schwarzen Sweatshirt von Calvin Klein. Das schlichte Design mit dem auff\u00e4lligen Print und dem kultigen Calvin Klein-Logo macht es zu einem absoluten Must-Have f\u00fcr Ihre Garderobe. Das Sweatshirt aus 100 % Baumwolle verspricht Atmungsaktivit\u00e4t und Komfort und eignet sich f\u00fcr alle Gelegenheiten, von l\u00e4ssigen Ausfl\u00fcgen bis hin zu eleganten Abenden. Mit diesem vielseitigen, lang\u00e4rmeligen Pullover mit Rundhalsausschnitt sind Sie modisch immer einen Schritt voraus.<\/p>\n<p>Materiaali: 100% puuvilla<br \/>\nHerkunftsland: LK<br \/>\nV\u00e4ri: Musta<\/p>","protected":false},"excerpt":{"rendered":"<p>Entfesseln Sie Ihren Style-Quotienten mit dem tadellos gefertigten schwarzen Sweatshirt von Calvin Klein. Das schlichte Design mit dem auff\u00e4lligen Print und dem kultigen Calvin Klein-Logo macht es zu einem absoluten Must-Have f\u00fcr Ihre Garderobe. Das Sweatshirt aus 100 % Baumwolle verspricht Atmungsaktivit\u00e4t und Komfort und eignet sich f\u00fcr alle Gelegenheiten, von l\u00e4ssigen Ausfl\u00fcgen bis hin [&hellip;]<\/p>","protected":false},"featured_media":351526,"template":"","meta":[],"product_brand":[2188],"product_cat":[1633,1623],"product_tag":[],"class_list":{"0":"post-351528","1":"product","2":"type-product","3":"status-publish","4":"has-post-thumbnail","6":"product_brand-calvin-klein","7":"product_cat-maenner-kleidung","8":"product_cat-kleidung","10":"first","11":"instock","12":"sale","13":"taxable","14":"shipping-taxable","15":"purchasable","16":"product-type-variable"},"_links":{"self":[{"href":"https:\/\/tpmadalina42.supserv.cozmoslabs.com\/fi\/wp-json\/wp\/v2\/product\/351528","targetHints":{"allow":["GET"]}}],"collection":[{"href":"https:\/\/tpmadalina42.supserv.cozmoslabs.com\/fi\/wp-json\/wp\/v2\/product"}],"about":[{"href":"https:\/\/tpmadalina42.supserv.cozmoslabs.com\/fi\/wp-json\/wp\/v2\/types\/product"}],"wp:featuredmedia":[{"embeddable":true,"href":"https:\/\/tpmadalina42.supserv.cozmoslabs.com\/fi\/wp-json\/wp\/v2\/media\/351526"}],"wp:attachment":[{"href":"https:\/\/tpmadalina42.supserv.cozmoslabs.com\/fi\/wp-json\/wp\/v2\/media?parent=351528"}],"wp:term":[{"taxonomy":"product_brand","embeddable":true,"href":"https:\/\/tpmadalina42.supserv.cozmoslabs.com\/fi\/wp-json\/wp\/v2\/product_brand?post=351528"},{"taxonomy":"product_cat","embeddable":true,"href":"https:\/\/tpmadalina42.supserv.cozmoslabs.com\/fi\/wp-json\/wp\/v2\/product_cat?post=351528"},{"taxonomy":"product_tag","embeddable":true,"href":"https:\/\/tpmadalina42.supserv.cozmoslabs.com\/fi\/wp-json\/wp\/v2\/product_tag?post=351528"}],"curies":[{"name":"wp","href":"https:\/\/api.w.org\/{rel}","templated":true}]}}