{"id":351535,"date":"2024-11-30T09:11:06","date_gmt":"2024-11-30T08:11:06","guid":{"rendered":"https:\/\/glandine.com\/product\/calvin-klein-weisser-baumwollpullover-fuer-maenner-17\/"},"modified":"2024-12-11T02:34:58","modified_gmt":"2024-12-11T01:34:58","slug":"calvin-klein-weisser-baumwollpullover-fuer-maenner-17","status":"publish","type":"product","link":"https:\/\/tpmadalina42.supserv.cozmoslabs.com\/fi\/tuote-2\/calvin-klein-weisser-baumwollpullover-fuer-maenner-17\/","title":{"rendered":"Calvin Klein valkoinen puuvillainen villapaita miehille"},"content":{"rendered":"<p>Peppen Sie Ihre Freizeitgarderobe mit diesem makellosen Calvin Klein-Sweatshirt auf, das f\u00fcr diejenigen entworfen wurde, die die feinen Details in der Mode lieben. Das lang\u00e4rmelige Sweatshirt mit Rundhalsausschnitt pr\u00e4sentiert sich mit einem auff\u00e4lligen Print und dem kultigen Calvin Klein-Logo und verbindet Komfort mit hochwertigem Stil. Aus 100% Baumwolle gefertigt, garantiert es Atmungsaktivit\u00e4t und einen unvergleichlich weichen Griff und verspricht, ein Lieblingsst\u00fcck f\u00fcr den modernen Mann zu werden. Setzen Sie mit diesem klassisch wei\u00dfen Teil ein Statement und signalisieren Sie mit jedem Tragen schlichte Eleganz.<\/p>\n<p>Materiaali: 100% puuvilla<br \/>\nAlkuper\u00e4maa: IN<br \/>\nV\u00e4ri: Valkoinen<\/p>","protected":false},"excerpt":{"rendered":"<p>Peppen Sie Ihre Freizeitgarderobe mit diesem makellosen Calvin Klein-Sweatshirt auf, das f\u00fcr diejenigen entworfen wurde, die die feinen Details in der Mode lieben. Das lang\u00e4rmelige Sweatshirt mit Rundhalsausschnitt pr\u00e4sentiert sich mit einem auff\u00e4lligen Print und dem kultigen Calvin Klein-Logo und verbindet Komfort mit hochwertigem Stil. Aus 100% Baumwolle gefertigt, garantiert es Atmungsaktivit\u00e4t und einen unvergleichlich [&hellip;]<\/p>","protected":false},"featured_media":351533,"template":"","meta":[],"product_brand":[2188],"product_cat":[1633,1623],"product_tag":[],"class_list":{"0":"post-351535","1":"product","2":"type-product","3":"status-publish","4":"has-post-thumbnail","6":"product_brand-calvin-klein","7":"product_cat-maenner-kleidung","8":"product_cat-kleidung","10":"first","11":"instock","12":"sale","13":"taxable","14":"shipping-taxable","15":"purchasable","16":"product-type-variable"},"_links":{"self":[{"href":"https:\/\/tpmadalina42.supserv.cozmoslabs.com\/fi\/wp-json\/wp\/v2\/product\/351535","targetHints":{"allow":["GET"]}}],"collection":[{"href":"https:\/\/tpmadalina42.supserv.cozmoslabs.com\/fi\/wp-json\/wp\/v2\/product"}],"about":[{"href":"https:\/\/tpmadalina42.supserv.cozmoslabs.com\/fi\/wp-json\/wp\/v2\/types\/product"}],"wp:featuredmedia":[{"embeddable":true,"href":"https:\/\/tpmadalina42.supserv.cozmoslabs.com\/fi\/wp-json\/wp\/v2\/media\/351533"}],"wp:attachment":[{"href":"https:\/\/tpmadalina42.supserv.cozmoslabs.com\/fi\/wp-json\/wp\/v2\/media?parent=351535"}],"wp:term":[{"taxonomy":"product_brand","embeddable":true,"href":"https:\/\/tpmadalina42.supserv.cozmoslabs.com\/fi\/wp-json\/wp\/v2\/product_brand?post=351535"},{"taxonomy":"product_cat","embeddable":true,"href":"https:\/\/tpmadalina42.supserv.cozmoslabs.com\/fi\/wp-json\/wp\/v2\/product_cat?post=351535"},{"taxonomy":"product_tag","embeddable":true,"href":"https:\/\/tpmadalina42.supserv.cozmoslabs.com\/fi\/wp-json\/wp\/v2\/product_tag?post=351535"}],"curies":[{"name":"wp","href":"https:\/\/api.w.org\/{rel}","templated":true}]}}