{"id":351556,"date":"2024-11-30T09:13:20","date_gmt":"2024-11-30T08:13:20","guid":{"rendered":"https:\/\/glandine.com\/product\/napapijri-blauer-baumwollpullover-fuer-maenner-16\/"},"modified":"2024-12-13T02:12:46","modified_gmt":"2024-12-13T01:12:46","slug":"napapijri-blauer-baumwollpullover-fuer-maenner-16","status":"publish","type":"product","link":"https:\/\/tpmadalina42.supserv.cozmoslabs.com\/fi\/tuote-2\/napapijri-blauer-baumwollpullover-fuer-maenner-16\/","title":{"rendered":"Napapijri Blauer puuvillainen pusero miehille"},"content":{"rendered":"<p>Mit dem lang\u00e4rmeligen Sweatshirt von Napapijri, einer harmonischen Mischung aus Komfort und kultigem Stil, werten Sie Ihre Freizeitkleidung auf. Das Sweatshirt ist mit einem auff\u00e4lligen Print und dem charakteristischen Logo verziert und ist der Inbegriff von dezentem Luxus. Es wurde mit viel Liebe zum Detail aus einer weichen Mischung aus 80 % Baumwolle und 20 % Polyester gefertigt und verspricht, Sie kuschelig warm zu halten, w\u00e4hrend es in seinem fesselnden blauen Farbton ein Statement setzt. Perfekt f\u00fcr moderne Schichten, ist dieses St\u00fcck eine trendige Erg\u00e4nzung f\u00fcr jede Garderobe.<\/p>\n<p>- V\u00e4ri: sininen<br \/>\n&#8211; Material: 80% Baumwolle, 20% Polyester<br \/>\n&#8211; Herkunftsland: TR<\/p>","protected":false},"excerpt":{"rendered":"<p>Mit dem lang\u00e4rmeligen Sweatshirt von Napapijri, einer harmonischen Mischung aus Komfort und kultigem Stil, werten Sie Ihre Freizeitkleidung auf. Das Sweatshirt ist mit einem auff\u00e4lligen Print und dem charakteristischen Logo verziert und ist der Inbegriff von dezentem Luxus. Es wurde mit viel Liebe zum Detail aus einer weichen Mischung aus 80 % Baumwolle und 20 [&hellip;]<\/p>","protected":false},"featured_media":351553,"template":"","meta":[],"product_brand":[2312],"product_cat":[1633,1623],"product_tag":[],"class_list":{"0":"post-351556","1":"product","2":"type-product","3":"status-publish","4":"has-post-thumbnail","6":"product_brand-napapijri","7":"product_cat-maenner-kleidung","8":"product_cat-kleidung","10":"first","11":"instock","12":"sale","13":"taxable","14":"shipping-taxable","15":"purchasable","16":"product-type-variable"},"_links":{"self":[{"href":"https:\/\/tpmadalina42.supserv.cozmoslabs.com\/fi\/wp-json\/wp\/v2\/product\/351556","targetHints":{"allow":["GET"]}}],"collection":[{"href":"https:\/\/tpmadalina42.supserv.cozmoslabs.com\/fi\/wp-json\/wp\/v2\/product"}],"about":[{"href":"https:\/\/tpmadalina42.supserv.cozmoslabs.com\/fi\/wp-json\/wp\/v2\/types\/product"}],"wp:featuredmedia":[{"embeddable":true,"href":"https:\/\/tpmadalina42.supserv.cozmoslabs.com\/fi\/wp-json\/wp\/v2\/media\/351553"}],"wp:attachment":[{"href":"https:\/\/tpmadalina42.supserv.cozmoslabs.com\/fi\/wp-json\/wp\/v2\/media?parent=351556"}],"wp:term":[{"taxonomy":"product_brand","embeddable":true,"href":"https:\/\/tpmadalina42.supserv.cozmoslabs.com\/fi\/wp-json\/wp\/v2\/product_brand?post=351556"},{"taxonomy":"product_cat","embeddable":true,"href":"https:\/\/tpmadalina42.supserv.cozmoslabs.com\/fi\/wp-json\/wp\/v2\/product_cat?post=351556"},{"taxonomy":"product_tag","embeddable":true,"href":"https:\/\/tpmadalina42.supserv.cozmoslabs.com\/fi\/wp-json\/wp\/v2\/product_tag?post=351556"}],"curies":[{"name":"wp","href":"https:\/\/api.w.org\/{rel}","templated":true}]}}