{"id":351641,"date":"2024-11-30T09:55:48","date_gmt":"2024-11-30T08:55:48","guid":{"rendered":"https:\/\/glandine.com\/product\/calvin-klein-schwarzes-polyester-herren-portemonnaie-8\/"},"modified":"2024-12-12T11:08:35","modified_gmt":"2024-12-12T10:08:35","slug":"calvin-klein-schwarzes-polyester-herren-portemonnaie-8","status":"publish","type":"product","link":"https:\/\/tpmadalina42.supserv.cozmoslabs.com\/fi\/tuote-2\/calvin-klein-schwarzes-polyester-herren-portemonnaie-8\/","title":{"rendered":"Calvin Klein miesten musta polyesterilompakko"},"content":{"rendered":"<p>Betreten Sie das Reich der Raffinesse mit dieser eleganten Calvin Klein Brieftasche. F\u00fcr den modernen Mann, der viel unterwegs ist, bietet sie zwei F\u00e4cher f\u00fcr Ihre wichtigsten Utensilien, ein M\u00fcnzfach und reichlich Kartenf\u00e4cher f\u00fcr alle Ihre Transaktionen. Dank des RFID-Blockers sind Ihre finanziellen Daten vor elektronischen Taschendieben gesch\u00fctzt. Das schwarze Portemonnaie ist mit einem dezenten, aber ikonischen Calvin Klein-Druck und -Logo verziert und verk\u00f6rpert zeitlose Eleganz.<\/p>\n<p>Material: 51% Polyester, 49% Polyethylen<br \/>\nHerkunftsland: KH<br \/>\nV\u00e4ri: Musta<\/p>","protected":false},"excerpt":{"rendered":"<p>Betreten Sie das Reich der Raffinesse mit dieser eleganten Calvin Klein Brieftasche. F\u00fcr den modernen Mann, der viel unterwegs ist, bietet sie zwei F\u00e4cher f\u00fcr Ihre wichtigsten Utensilien, ein M\u00fcnzfach und reichlich Kartenf\u00e4cher f\u00fcr alle Ihre Transaktionen. Dank des RFID-Blockers sind Ihre finanziellen Daten vor elektronischen Taschendieben gesch\u00fctzt. Das schwarze Portemonnaie ist mit einem dezenten, [&hellip;]<\/p>","protected":false},"featured_media":351638,"template":"","meta":[],"product_brand":[2188],"product_cat":[1721,1629],"product_tag":[],"class_list":{"0":"post-351641","1":"product","2":"type-product","3":"status-publish","4":"has-post-thumbnail","6":"product_brand-calvin-klein","7":"product_cat-geldboersen","8":"product_cat-maenner","10":"first","11":"instock","12":"sale","13":"taxable","14":"shipping-taxable","15":"purchasable","16":"product-type-simple"},"_links":{"self":[{"href":"https:\/\/tpmadalina42.supserv.cozmoslabs.com\/fi\/wp-json\/wp\/v2\/product\/351641","targetHints":{"allow":["GET"]}}],"collection":[{"href":"https:\/\/tpmadalina42.supserv.cozmoslabs.com\/fi\/wp-json\/wp\/v2\/product"}],"about":[{"href":"https:\/\/tpmadalina42.supserv.cozmoslabs.com\/fi\/wp-json\/wp\/v2\/types\/product"}],"wp:featuredmedia":[{"embeddable":true,"href":"https:\/\/tpmadalina42.supserv.cozmoslabs.com\/fi\/wp-json\/wp\/v2\/media\/351638"}],"wp:attachment":[{"href":"https:\/\/tpmadalina42.supserv.cozmoslabs.com\/fi\/wp-json\/wp\/v2\/media?parent=351641"}],"wp:term":[{"taxonomy":"product_brand","embeddable":true,"href":"https:\/\/tpmadalina42.supserv.cozmoslabs.com\/fi\/wp-json\/wp\/v2\/product_brand?post=351641"},{"taxonomy":"product_cat","embeddable":true,"href":"https:\/\/tpmadalina42.supserv.cozmoslabs.com\/fi\/wp-json\/wp\/v2\/product_cat?post=351641"},{"taxonomy":"product_tag","embeddable":true,"href":"https:\/\/tpmadalina42.supserv.cozmoslabs.com\/fi\/wp-json\/wp\/v2\/product_tag?post=351641"}],"curies":[{"name":"wp","href":"https:\/\/api.w.org\/{rel}","templated":true}]}}