{"id":351663,"date":"2024-11-30T10:01:00","date_gmt":"2024-11-30T09:01:00","guid":{"rendered":"https:\/\/glandine.com\/product\/tommy-hilfiger-schwarzes-leder-herren-portemonnaie-30\/"},"modified":"2024-12-05T07:52:24","modified_gmt":"2024-12-05T06:52:24","slug":"tommy-hilfiger-schwarzes-leder-herren-portemonnaie-30","status":"publish","type":"product","link":"https:\/\/tpmadalina42.supserv.cozmoslabs.com\/fi\/tuote-2\/tommy-hilfiger-schwarzes-leder-herren-portemonnaie-30\/","title":{"rendered":"Tommy Hilfiger musta nahkainen miesten lompakko"},"content":{"rendered":"<p>Treten Sie ein in eine Welt der Raffinesse mit der unverzichtbaren Brieftasche von Tommy Hilfiger, die f\u00fcr den Gentleman entworfen wurde, der eine Mischung aus klassischem Stil und Funktionalit\u00e4t sch\u00e4tzt. Das elegante schwarze \u00c4u\u00dfere aus 100 % Leder verspricht sowohl Haltbarkeit als auch ein luxuri\u00f6ses Gef\u00fchl. Das Portemonnaie verf\u00fcgt \u00fcber zwei getrennte F\u00e4cher, in denen Sie Ihre wichtigsten Utensilien sicher aufbewahren k\u00f6nnen, sowie \u00fcber ein spezielles M\u00fcnzfach f\u00fcr Kleingeld. Das Innere bietet reichlich Platz f\u00fcr Ihre Karten, die f\u00fcr schnellen Zugriff und Organisation angeordnet sind. Den letzten Schliff erh\u00e4lt das Portemonnaie durch das kultige Tommy Hilfiger-Logo, das als Zeichen f\u00fcr Premiumqualit\u00e4t und wiedererkennbares Flair steht.<\/p>\n<p>V\u00e4ri: Musta<br \/>\nMateriaali: 100% nahka<br \/>\nHerkunftsland: KH<\/p>","protected":false},"excerpt":{"rendered":"<p>Treten Sie ein in eine Welt der Raffinesse mit der unverzichtbaren Brieftasche von Tommy Hilfiger, die f\u00fcr den Gentleman entworfen wurde, der eine Mischung aus klassischem Stil und Funktionalit\u00e4t sch\u00e4tzt. Das elegante schwarze \u00c4u\u00dfere aus 100 % Leder verspricht sowohl Haltbarkeit als auch ein luxuri\u00f6ses Gef\u00fchl. Das Portemonnaie verf\u00fcgt \u00fcber zwei getrennte F\u00e4cher, in denen [&hellip;]<\/p>","protected":false},"featured_media":351660,"template":"","meta":[],"product_brand":[2177],"product_cat":[1721,1629],"product_tag":[],"class_list":{"0":"post-351663","1":"product","2":"type-product","3":"status-publish","4":"has-post-thumbnail","6":"product_brand-tommy-hilfiger","7":"product_cat-geldboersen","8":"product_cat-maenner","10":"first","11":"instock","12":"sale","13":"taxable","14":"shipping-taxable","15":"purchasable","16":"product-type-simple"},"_links":{"self":[{"href":"https:\/\/tpmadalina42.supserv.cozmoslabs.com\/fi\/wp-json\/wp\/v2\/product\/351663","targetHints":{"allow":["GET"]}}],"collection":[{"href":"https:\/\/tpmadalina42.supserv.cozmoslabs.com\/fi\/wp-json\/wp\/v2\/product"}],"about":[{"href":"https:\/\/tpmadalina42.supserv.cozmoslabs.com\/fi\/wp-json\/wp\/v2\/types\/product"}],"wp:featuredmedia":[{"embeddable":true,"href":"https:\/\/tpmadalina42.supserv.cozmoslabs.com\/fi\/wp-json\/wp\/v2\/media\/351660"}],"wp:attachment":[{"href":"https:\/\/tpmadalina42.supserv.cozmoslabs.com\/fi\/wp-json\/wp\/v2\/media?parent=351663"}],"wp:term":[{"taxonomy":"product_brand","embeddable":true,"href":"https:\/\/tpmadalina42.supserv.cozmoslabs.com\/fi\/wp-json\/wp\/v2\/product_brand?post=351663"},{"taxonomy":"product_cat","embeddable":true,"href":"https:\/\/tpmadalina42.supserv.cozmoslabs.com\/fi\/wp-json\/wp\/v2\/product_cat?post=351663"},{"taxonomy":"product_tag","embeddable":true,"href":"https:\/\/tpmadalina42.supserv.cozmoslabs.com\/fi\/wp-json\/wp\/v2\/product_tag?post=351663"}],"curies":[{"name":"wp","href":"https:\/\/api.w.org\/{rel}","templated":true}]}}