{"id":351667,"date":"2024-11-30T10:01:59","date_gmt":"2024-11-30T09:01:59","guid":{"rendered":"https:\/\/glandine.com\/product\/calvin-klein-schwarzes-leder-portemonnaie-fuer-herren-5\/"},"modified":"2024-11-30T10:01:59","modified_gmt":"2024-11-30T09:01:59","slug":"calvin-klein-schwarzes-leder-portemonnaie-fuer-herren-5","status":"publish","type":"product","link":"https:\/\/tpmadalina42.supserv.cozmoslabs.com\/fi\/tuote-2\/calvin-klein-schwarzes-leder-portemonnaie-fuer-herren-5\/","title":{"rendered":"Calvin Klein musta nahkalompakko miehille"},"content":{"rendered":"<p>Verbessern Sie Ihr Accessoire mit dieser eleganten und raffinierten Brieftasche aus dem gesch\u00e4tzten Hause Calvin Klein. Sie wurde mit Blick auf den modernen Mann entworfen und bietet neben funktionaler Eleganz ein elegantes schwarzes Ledergeh\u00e4use. Mit zwei Hauptf\u00e4chern f\u00fcr Bargeld, einem sicheren Rei\u00dfverschlussfach f\u00fcr M\u00fcnzen und zahlreichen Kartenf\u00e4chern mit RFID-Blockierungstechnologie zum Schutz Ihrer pers\u00f6nlichen Daten erf\u00fcllt diese Geldb\u00f6rse alle Ihre Bed\u00fcrfnisse und strahlt gleichzeitig Selbstbewusstsein und Stil aus. <\/p>\n<p>Materiaali: 100% nahka<br \/>\nAlkuper\u00e4maa: CN<br \/>\nV\u00e4ri: Musta<br \/>\nRFID-Blockierung: Ja<\/p>","protected":false},"excerpt":{"rendered":"<p>Verbessern Sie Ihr Accessoire mit dieser eleganten und raffinierten Brieftasche aus dem gesch\u00e4tzten Hause Calvin Klein. Sie wurde mit Blick auf den modernen Mann entworfen und bietet neben funktionaler Eleganz ein elegantes schwarzes Ledergeh\u00e4use. Mit zwei Hauptf\u00e4chern f\u00fcr Bargeld, einem sicheren Rei\u00dfverschlussfach f\u00fcr M\u00fcnzen und zahlreichen Kartenf\u00e4chern mit RFID-Blockierungstechnologie zum Schutz Ihrer pers\u00f6nlichen Daten erf\u00fcllt [&hellip;]<\/p>","protected":false},"featured_media":351664,"template":"","meta":[],"product_brand":[2188],"product_cat":[1721,1629],"product_tag":[],"class_list":{"0":"post-351667","1":"product","2":"type-product","3":"status-publish","4":"has-post-thumbnail","6":"product_brand-calvin-klein","7":"product_cat-geldboersen","8":"product_cat-maenner","10":"first","11":"instock","12":"sale","13":"taxable","14":"shipping-taxable","15":"purchasable","16":"product-type-simple"},"_links":{"self":[{"href":"https:\/\/tpmadalina42.supserv.cozmoslabs.com\/fi\/wp-json\/wp\/v2\/product\/351667","targetHints":{"allow":["GET"]}}],"collection":[{"href":"https:\/\/tpmadalina42.supserv.cozmoslabs.com\/fi\/wp-json\/wp\/v2\/product"}],"about":[{"href":"https:\/\/tpmadalina42.supserv.cozmoslabs.com\/fi\/wp-json\/wp\/v2\/types\/product"}],"wp:featuredmedia":[{"embeddable":true,"href":"https:\/\/tpmadalina42.supserv.cozmoslabs.com\/fi\/wp-json\/wp\/v2\/media\/351664"}],"wp:attachment":[{"href":"https:\/\/tpmadalina42.supserv.cozmoslabs.com\/fi\/wp-json\/wp\/v2\/media?parent=351667"}],"wp:term":[{"taxonomy":"product_brand","embeddable":true,"href":"https:\/\/tpmadalina42.supserv.cozmoslabs.com\/fi\/wp-json\/wp\/v2\/product_brand?post=351667"},{"taxonomy":"product_cat","embeddable":true,"href":"https:\/\/tpmadalina42.supserv.cozmoslabs.com\/fi\/wp-json\/wp\/v2\/product_cat?post=351667"},{"taxonomy":"product_tag","embeddable":true,"href":"https:\/\/tpmadalina42.supserv.cozmoslabs.com\/fi\/wp-json\/wp\/v2\/product_tag?post=351667"}],"curies":[{"name":"wp","href":"https:\/\/api.w.org\/{rel}","templated":true}]}}