{"id":352013,"date":"2024-11-30T16:16:43","date_gmt":"2024-11-30T15:16:43","guid":{"rendered":"https:\/\/glandine.com\/product\/tommy-hilfiger-elegantes-schwarzes-leder-kartenetui-mit-kontrastierenden-details\/"},"modified":"2024-12-05T22:49:00","modified_gmt":"2024-12-05T21:49:00","slug":"tommy-hilfiger-elegantes-schwarzes-leder-kartenetui-mit-kontrastierenden-details","status":"publish","type":"product","link":"https:\/\/tpmadalina42.supserv.cozmoslabs.com\/fi\/tuote-2\/tommy-hilfiger-elegantes-schwarzes-leder-kartenetui-mit-kontrastierenden-details\/","title":{"rendered":"Tommy Hilfiger Elegantes schwarzes Leder-Kartenetui mit kontrastierenden Details"},"content":{"rendered":"<p>Mit diesem eleganten Kartenetui von Tommy Hilfiger schaffen Sie Ordnung mit einem Hauch von Luxus. F\u00fcr den modernen Menschen entworfen, verf\u00fcgt dieses Etui \u00fcber ein zentrales Fach f\u00fcr einfachen Zugriff und kontrastierende Details f\u00fcr einen stilvollen Rand, der durch das ikonische Logo erg\u00e4nzt wird.<\/p>\n<ul>\n<li>Materiaali: 100% nahka<\/li>\n<li>Alkuper\u00e4maa: CN<\/li>\n<li>V\u00e4ri: Musta<\/li>\n<\/ul>","protected":false},"excerpt":{"rendered":"<p>Mit diesem eleganten Kartenetui von Tommy Hilfiger schaffen Sie Ordnung mit einem Hauch von Luxus. F\u00fcr den modernen Menschen entworfen, verf\u00fcgt dieses Etui \u00fcber ein zentrales Fach f\u00fcr einfachen Zugriff und kontrastierende Details f\u00fcr einen stilvollen Rand, der durch das ikonische Logo erg\u00e4nzt wird. Material: 100% Leder Herkunftsland: CN Farbe: Schwarz<\/p>","protected":false},"featured_media":352010,"template":"","meta":[],"product_brand":[2177],"product_cat":[1721,1629],"product_tag":[],"class_list":{"0":"post-352013","1":"product","2":"type-product","3":"status-publish","4":"has-post-thumbnail","6":"product_brand-tommy-hilfiger","7":"product_cat-geldboersen","8":"product_cat-maenner","10":"first","11":"instock","12":"sale","13":"taxable","14":"shipping-taxable","15":"purchasable","16":"product-type-simple"},"_links":{"self":[{"href":"https:\/\/tpmadalina42.supserv.cozmoslabs.com\/fi\/wp-json\/wp\/v2\/product\/352013","targetHints":{"allow":["GET"]}}],"collection":[{"href":"https:\/\/tpmadalina42.supserv.cozmoslabs.com\/fi\/wp-json\/wp\/v2\/product"}],"about":[{"href":"https:\/\/tpmadalina42.supserv.cozmoslabs.com\/fi\/wp-json\/wp\/v2\/types\/product"}],"wp:featuredmedia":[{"embeddable":true,"href":"https:\/\/tpmadalina42.supserv.cozmoslabs.com\/fi\/wp-json\/wp\/v2\/media\/352010"}],"wp:attachment":[{"href":"https:\/\/tpmadalina42.supserv.cozmoslabs.com\/fi\/wp-json\/wp\/v2\/media?parent=352013"}],"wp:term":[{"taxonomy":"product_brand","embeddable":true,"href":"https:\/\/tpmadalina42.supserv.cozmoslabs.com\/fi\/wp-json\/wp\/v2\/product_brand?post=352013"},{"taxonomy":"product_cat","embeddable":true,"href":"https:\/\/tpmadalina42.supserv.cozmoslabs.com\/fi\/wp-json\/wp\/v2\/product_cat?post=352013"},{"taxonomy":"product_tag","embeddable":true,"href":"https:\/\/tpmadalina42.supserv.cozmoslabs.com\/fi\/wp-json\/wp\/v2\/product_tag?post=352013"}],"curies":[{"name":"wp","href":"https:\/\/api.w.org\/{rel}","templated":true}]}}