{"id":352116,"date":"2024-11-30T16:57:49","date_gmt":"2024-11-30T15:57:49","guid":{"rendered":"https:\/\/glandine.com\/product\/calvin-klein-elegantes-portemonnaie-aus-schwarzem-leder-fuer-maenner\/"},"modified":"2024-11-30T16:57:49","modified_gmt":"2024-11-30T15:57:49","slug":"calvin-klein-elegantes-portemonnaie-aus-schwarzem-leder-fuer-maenner","status":"publish","type":"product","link":"https:\/\/tpmadalina42.supserv.cozmoslabs.com\/fi\/tuote-2\/calvin-klein-elegantes-portemonnaie-aus-schwarzem-leder-fuer-maenner\/","title":{"rendered":"Calvin Klein Elegantes Portemonnaie aus schwarzem Leder f\u00fcr M\u00e4nner"},"content":{"rendered":"<p>Entdecken Sie die Raffinesse dieser eleganten Calvin Klein Geldb\u00f6rse, die f\u00fcr den modernen Mann entworfen wurde. Die aus 100 % hochwertigem Leder gefertigte Brieftasche bietet Platz f\u00fcr all Ihre wichtigen Utensilien. Sie verf\u00fcgt \u00fcber zwei Hauptf\u00e4cher f\u00fcr Bargeld, ein praktisches M\u00fcnzfach und zwei F\u00e4cher zur Aufbewahrung von Karten. Die kompakte Gr\u00f6\u00dfe wird durch das ikonische Logo erg\u00e4nzt, das einen Hauch von Luxus f\u00fcr Ihre t\u00e4glichen Transaktionen bietet.<\/p>\n<ul>\n<li>Materiaali: 100% nahka<\/li>\n<li>Alkuper\u00e4maa: CN<\/li>\n<li>V\u00e4ri: Musta<\/li>\n<\/ul>","protected":false},"excerpt":{"rendered":"<p>Entdecken Sie die Raffinesse dieser eleganten Calvin Klein Geldb\u00f6rse, die f\u00fcr den modernen Mann entworfen wurde. Die aus 100 % hochwertigem Leder gefertigte Brieftasche bietet Platz f\u00fcr all Ihre wichtigen Utensilien. Sie verf\u00fcgt \u00fcber zwei Hauptf\u00e4cher f\u00fcr Bargeld, ein praktisches M\u00fcnzfach und zwei F\u00e4cher zur Aufbewahrung von Karten. Die kompakte Gr\u00f6\u00dfe wird durch das ikonische [&hellip;]<\/p>","protected":false},"featured_media":352113,"template":"","meta":[],"product_brand":[2188],"product_cat":[1721,1629],"product_tag":[],"class_list":{"0":"post-352116","1":"product","2":"type-product","3":"status-publish","4":"has-post-thumbnail","6":"product_brand-calvin-klein","7":"product_cat-geldboersen","8":"product_cat-maenner","10":"first","11":"instock","12":"sale","13":"taxable","14":"shipping-taxable","15":"purchasable","16":"product-type-simple"},"_links":{"self":[{"href":"https:\/\/tpmadalina42.supserv.cozmoslabs.com\/fi\/wp-json\/wp\/v2\/product\/352116","targetHints":{"allow":["GET"]}}],"collection":[{"href":"https:\/\/tpmadalina42.supserv.cozmoslabs.com\/fi\/wp-json\/wp\/v2\/product"}],"about":[{"href":"https:\/\/tpmadalina42.supserv.cozmoslabs.com\/fi\/wp-json\/wp\/v2\/types\/product"}],"wp:featuredmedia":[{"embeddable":true,"href":"https:\/\/tpmadalina42.supserv.cozmoslabs.com\/fi\/wp-json\/wp\/v2\/media\/352113"}],"wp:attachment":[{"href":"https:\/\/tpmadalina42.supserv.cozmoslabs.com\/fi\/wp-json\/wp\/v2\/media?parent=352116"}],"wp:term":[{"taxonomy":"product_brand","embeddable":true,"href":"https:\/\/tpmadalina42.supserv.cozmoslabs.com\/fi\/wp-json\/wp\/v2\/product_brand?post=352116"},{"taxonomy":"product_cat","embeddable":true,"href":"https:\/\/tpmadalina42.supserv.cozmoslabs.com\/fi\/wp-json\/wp\/v2\/product_cat?post=352116"},{"taxonomy":"product_tag","embeddable":true,"href":"https:\/\/tpmadalina42.supserv.cozmoslabs.com\/fi\/wp-json\/wp\/v2\/product_tag?post=352116"}],"curies":[{"name":"wp","href":"https:\/\/api.w.org\/{rel}","templated":true}]}}