{"id":352927,"date":"2024-11-30T21:19:15","date_gmt":"2024-11-30T20:19:15","guid":{"rendered":"https:\/\/glandine.com\/product\/liu-jo-beige-bio-injected-sonnenbrille-3\/"},"modified":"2024-12-03T23:58:41","modified_gmt":"2024-12-03T22:58:41","slug":"liu-jo-beige-bio-injected-sonnenbrille-3","status":"publish","type":"product","link":"https:\/\/tpmadalina42.supserv.cozmoslabs.com\/fi\/tuote-2\/liu-jo-beige-bio-injected-sonnenbrille-3\/","title":{"rendered":"Liu Jo Beige BIO INJECTED Sonnenbrille"},"content":{"rendered":"<p>SONNENBRILLE, KUNSTSTOFFSPRITZGUSSFASSUNG, RUNDE GL\u00c4SER, BRAUNE GL\u00c4SER, GLASBREITE 55 MM, STEGBREITE 17 MM, B\u00dcGELL\u00c4NGE 140 MM, LOGO<\/p>","protected":false},"excerpt":{"rendered":"<p>SONNENBRILLE, KUNSTSTOFFSPRITZGUSSFASSUNG, RUNDE GL\u00c4SER, BRAUNE GL\u00c4SER, GLASBREITE 55 MM, STEGBREITE 17 MM, B\u00dcGELL\u00c4NGE 140 MM, LOGO<\/p>","protected":false},"featured_media":352924,"template":"","meta":[],"product_brand":[2083],"product_cat":[1627,1640],"product_tag":[],"class_list":{"0":"post-352927","1":"product","2":"type-product","3":"status-publish","4":"has-post-thumbnail","6":"product_brand-liu-jo","7":"product_cat-sonnenbrille","8":"product_cat-sonnenbrillen-fuer-frauen","10":"first","11":"instock","12":"sale","13":"taxable","14":"shipping-taxable","15":"purchasable","16":"product-type-simple"},"_links":{"self":[{"href":"https:\/\/tpmadalina42.supserv.cozmoslabs.com\/fi\/wp-json\/wp\/v2\/product\/352927","targetHints":{"allow":["GET"]}}],"collection":[{"href":"https:\/\/tpmadalina42.supserv.cozmoslabs.com\/fi\/wp-json\/wp\/v2\/product"}],"about":[{"href":"https:\/\/tpmadalina42.supserv.cozmoslabs.com\/fi\/wp-json\/wp\/v2\/types\/product"}],"wp:featuredmedia":[{"embeddable":true,"href":"https:\/\/tpmadalina42.supserv.cozmoslabs.com\/fi\/wp-json\/wp\/v2\/media\/352924"}],"wp:attachment":[{"href":"https:\/\/tpmadalina42.supserv.cozmoslabs.com\/fi\/wp-json\/wp\/v2\/media?parent=352927"}],"wp:term":[{"taxonomy":"product_brand","embeddable":true,"href":"https:\/\/tpmadalina42.supserv.cozmoslabs.com\/fi\/wp-json\/wp\/v2\/product_brand?post=352927"},{"taxonomy":"product_cat","embeddable":true,"href":"https:\/\/tpmadalina42.supserv.cozmoslabs.com\/fi\/wp-json\/wp\/v2\/product_cat?post=352927"},{"taxonomy":"product_tag","embeddable":true,"href":"https:\/\/tpmadalina42.supserv.cozmoslabs.com\/fi\/wp-json\/wp\/v2\/product_tag?post=352927"}],"curies":[{"name":"wp","href":"https:\/\/api.w.org\/{rel}","templated":true}]}}