{"id":353251,"date":"2024-12-01T04:55:36","date_gmt":"2024-12-01T03:55:36","guid":{"rendered":"https:\/\/glandine.com\/product\/plein-sport-gruene-umhaengetasche\/"},"modified":"2024-12-01T04:55:36","modified_gmt":"2024-12-01T03:55:36","slug":"plein-sport-gruene-umhaengetasche","status":"publish","type":"product","link":"https:\/\/tpmadalina42.supserv.cozmoslabs.com\/fi\/tuote-2\/plein-sport-gruene-umhaengetasche\/","title":{"rendered":"Plein Sport Vihre\u00e4 olkalaukku"},"content":{"rendered":"<ul>\n<li>Tummanvihre\u00e4 ekonahka<\/li>\n<li>Koristeellinen ketju metallimedaljonilla<\/li>\n<li>Irrotettava olkahihna<\/li>\n<li>vetoketju<\/li>\n<li>Sis\u00e4ll\u00e4 taskut<\/li>\n<li>Mitat: 45x30x15 cm<\/li>\n<li>Suunniteltu naisille<\/li>\n<li>Materiaali: 100% polyeteeni<\/li>\n<\/ul>","protected":false},"excerpt":{"rendered":"<p>Dunkelgr\u00fcnes \u00d6ko-Leder Dekorative Kette mit Metallmedaillon Abnehmbarer Schulterriemen Rei\u00dfverschluss Innentaschen Abmessungen: 45x30x15 cm Entworfen f\u00fcr Frauen Material: 100% Polyethylen<\/p>","protected":false},"featured_media":353248,"template":"","meta":[],"product_brand":[2108],"product_cat":[1630,1745],"product_tag":[],"class_list":{"0":"post-353251","1":"product","2":"type-product","3":"status-publish","4":"has-post-thumbnail","6":"product_brand-plein-sport","7":"product_cat-frauen","8":"product_cat-umhaengetaschen-frauen","10":"first","11":"instock","12":"sale","13":"taxable","14":"shipping-taxable","15":"purchasable","16":"product-type-simple"},"_links":{"self":[{"href":"https:\/\/tpmadalina42.supserv.cozmoslabs.com\/fi\/wp-json\/wp\/v2\/product\/353251","targetHints":{"allow":["GET"]}}],"collection":[{"href":"https:\/\/tpmadalina42.supserv.cozmoslabs.com\/fi\/wp-json\/wp\/v2\/product"}],"about":[{"href":"https:\/\/tpmadalina42.supserv.cozmoslabs.com\/fi\/wp-json\/wp\/v2\/types\/product"}],"wp:featuredmedia":[{"embeddable":true,"href":"https:\/\/tpmadalina42.supserv.cozmoslabs.com\/fi\/wp-json\/wp\/v2\/media\/353248"}],"wp:attachment":[{"href":"https:\/\/tpmadalina42.supserv.cozmoslabs.com\/fi\/wp-json\/wp\/v2\/media?parent=353251"}],"wp:term":[{"taxonomy":"product_brand","embeddable":true,"href":"https:\/\/tpmadalina42.supserv.cozmoslabs.com\/fi\/wp-json\/wp\/v2\/product_brand?post=353251"},{"taxonomy":"product_cat","embeddable":true,"href":"https:\/\/tpmadalina42.supserv.cozmoslabs.com\/fi\/wp-json\/wp\/v2\/product_cat?post=353251"},{"taxonomy":"product_tag","embeddable":true,"href":"https:\/\/tpmadalina42.supserv.cozmoslabs.com\/fi\/wp-json\/wp\/v2\/product_tag?post=353251"}],"curies":[{"name":"wp","href":"https:\/\/api.w.org\/{rel}","templated":true}]}}