{"id":353908,"date":"2024-12-01T10:33:37","date_gmt":"2024-12-01T09:33:37","guid":{"rendered":"https:\/\/glandine.com\/product\/dolce-gabbana-blaues-drapiertes-tuell-midi-scheide-baumwollkleid\/"},"modified":"2024-12-01T10:33:41","modified_gmt":"2024-12-01T09:33:41","slug":"dolce-gabbana-blaues-drapiertes-tuell-midi-scheide-baumwollkleid","status":"publish","type":"product","link":"https:\/\/tpmadalina42.supserv.cozmoslabs.com\/fi\/tuote-2\/dolce-gabbana-blaues-drapiertes-tuell-midi-scheide-baumwollkleid\/","title":{"rendered":"Dolce &amp; Gabbana sininen draped tylli midi-suoja puuvillamekko"},"content":{"rendered":"<p>DOLCE &amp; GABBANA<\/p>\n<p>Wundersch\u00f6nes, brandneues, 100% authentisches Dolce &amp; Gabbana Kleid aus Baumwollt\u00fcll, das durch eine asymmetrische Paneel-Konstruktion mit roh geschnittenen Kanten aufgewertet wird. Gerader Ausschnitt mit elastischen Lingerie-Tr\u00e4gern. Futter aus Stretch-Envers-Satin.<br \/>\nModell: \u00c4rmelloses Etuikleid<br \/>\nV\u00e4ri: Sininen<br \/>\nReissverschluss auf dem R\u00fccken<br \/>\nLogon yksityiskohdat<br \/>\nValmistettu Italiassa<br \/>\nEritt\u00e4in eksklusiivinen ja laadukas ty\u00f6<br \/>\nMaterial: 95% Baumwolle 5% Seide<\/p>\n<p>Dieser Artikel hat einen sehr kleinen Fehler, es ist ein winziger Zug im Stoff auf der vorderen linken Brustbereich (siehe Bilder f\u00fcr Details).<\/p>","protected":false},"excerpt":{"rendered":"<p>DOLCE &amp; GABBANA Wundersch\u00f6nes, brandneues, 100% authentisches Dolce &amp; Gabbana Kleid aus Baumwollt\u00fcll, das durch eine asymmetrische Paneel-Konstruktion mit roh geschnittenen Kanten aufgewertet wird. Gerader Ausschnitt mit elastischen Lingerie-Tr\u00e4gern. Futter aus Stretch-Envers-Satin. Modell: \u00c4rmelloses Etuikleid Farbe: Blau Reissverschluss auf dem R\u00fccken Logo-Details In Italien hergestellt Sehr exklusiv und hochwertig verarbeitet Material: 95% Baumwolle 5% Seide [&hellip;]<\/p>","protected":false},"featured_media":353902,"template":"","meta":[],"product_brand":[1620],"product_cat":[1637,1659,1623],"product_tag":[],"class_list":{"0":"post-353908","1":"product","2":"type-product","3":"status-publish","4":"has-post-thumbnail","6":"product_brand-dolce-gabbana","7":"product_cat-frauen-kleidung","8":"product_cat-kleider","9":"product_cat-kleidung","11":"first","12":"instock","13":"sale","14":"taxable","15":"shipping-taxable","16":"purchasable","17":"product-type-variable"},"_links":{"self":[{"href":"https:\/\/tpmadalina42.supserv.cozmoslabs.com\/fi\/wp-json\/wp\/v2\/product\/353908","targetHints":{"allow":["GET"]}}],"collection":[{"href":"https:\/\/tpmadalina42.supserv.cozmoslabs.com\/fi\/wp-json\/wp\/v2\/product"}],"about":[{"href":"https:\/\/tpmadalina42.supserv.cozmoslabs.com\/fi\/wp-json\/wp\/v2\/types\/product"}],"wp:featuredmedia":[{"embeddable":true,"href":"https:\/\/tpmadalina42.supserv.cozmoslabs.com\/fi\/wp-json\/wp\/v2\/media\/353902"}],"wp:attachment":[{"href":"https:\/\/tpmadalina42.supserv.cozmoslabs.com\/fi\/wp-json\/wp\/v2\/media?parent=353908"}],"wp:term":[{"taxonomy":"product_brand","embeddable":true,"href":"https:\/\/tpmadalina42.supserv.cozmoslabs.com\/fi\/wp-json\/wp\/v2\/product_brand?post=353908"},{"taxonomy":"product_cat","embeddable":true,"href":"https:\/\/tpmadalina42.supserv.cozmoslabs.com\/fi\/wp-json\/wp\/v2\/product_cat?post=353908"},{"taxonomy":"product_tag","embeddable":true,"href":"https:\/\/tpmadalina42.supserv.cozmoslabs.com\/fi\/wp-json\/wp\/v2\/product_tag?post=353908"}],"curies":[{"name":"wp","href":"https:\/\/api.w.org\/{rel}","templated":true}]}}