{"id":354186,"date":"2024-12-01T13:57:25","date_gmt":"2024-12-01T12:57:25","guid":{"rendered":"https:\/\/glandine.com\/product\/calvin-klein-schwarzes-leder-portemonnaie-15\/"},"modified":"2024-12-09T13:28:05","modified_gmt":"2024-12-09T12:28:05","slug":"calvin-klein-schwarzes-leder-portemonnaie-15","status":"publish","type":"product","link":"https:\/\/tpmadalina42.supserv.cozmoslabs.com\/fi\/tuote-2\/calvin-klein-schwarzes-leder-portemonnaie-15\/","title":{"rendered":"Calvin Klein musta nahkalompakko"},"content":{"rendered":"<p>PORTEMONNAIE MIT 2 F\u00c4CHERN, M\u00dcNZFACH, KARTENF\u00c4CHER, RFID-BLOCK, LOGO<\/p>","protected":false},"excerpt":{"rendered":"<p>PORTEMONNAIE MIT 2 F\u00c4CHERN, M\u00dcNZFACH, KARTENF\u00c4CHER, RFID-BLOCK, LOGO<\/p>","protected":false},"featured_media":354183,"template":"","meta":[],"product_brand":[2188],"product_cat":[1721,1629],"product_tag":[],"class_list":{"0":"post-354186","1":"product","2":"type-product","3":"status-publish","4":"has-post-thumbnail","6":"product_brand-calvin-klein","7":"product_cat-geldboersen","8":"product_cat-maenner","10":"first","11":"instock","12":"sale","13":"taxable","14":"shipping-taxable","15":"purchasable","16":"product-type-simple"},"_links":{"self":[{"href":"https:\/\/tpmadalina42.supserv.cozmoslabs.com\/fi\/wp-json\/wp\/v2\/product\/354186","targetHints":{"allow":["GET"]}}],"collection":[{"href":"https:\/\/tpmadalina42.supserv.cozmoslabs.com\/fi\/wp-json\/wp\/v2\/product"}],"about":[{"href":"https:\/\/tpmadalina42.supserv.cozmoslabs.com\/fi\/wp-json\/wp\/v2\/types\/product"}],"wp:featuredmedia":[{"embeddable":true,"href":"https:\/\/tpmadalina42.supserv.cozmoslabs.com\/fi\/wp-json\/wp\/v2\/media\/354183"}],"wp:attachment":[{"href":"https:\/\/tpmadalina42.supserv.cozmoslabs.com\/fi\/wp-json\/wp\/v2\/media?parent=354186"}],"wp:term":[{"taxonomy":"product_brand","embeddable":true,"href":"https:\/\/tpmadalina42.supserv.cozmoslabs.com\/fi\/wp-json\/wp\/v2\/product_brand?post=354186"},{"taxonomy":"product_cat","embeddable":true,"href":"https:\/\/tpmadalina42.supserv.cozmoslabs.com\/fi\/wp-json\/wp\/v2\/product_cat?post=354186"},{"taxonomy":"product_tag","embeddable":true,"href":"https:\/\/tpmadalina42.supserv.cozmoslabs.com\/fi\/wp-json\/wp\/v2\/product_tag?post=354186"}],"curies":[{"name":"wp","href":"https:\/\/api.w.org\/{rel}","templated":true}]}}