{"id":354687,"date":"2024-12-01T15:24:57","date_gmt":"2024-12-01T14:24:57","guid":{"rendered":"https:\/\/glandine.com\/product\/dolce-gabbana-multicolor-cotton-stretch-high-waist-denim-jeans\/"},"modified":"2024-12-01T15:25:03","modified_gmt":"2024-12-01T14:25:03","slug":"dolce-gabbana-multicolor-cotton-stretch-high-waist-denim-jeans","status":"publish","type":"product","link":"https:\/\/tpmadalina42.supserv.cozmoslabs.com\/fi\/tuote-2\/dolce-gabbana-multicolor-cotton-stretch-high-waist-denim-jeans\/","title":{"rendered":"Dolce &amp; Gabbana Multicolor Cotton Stretch High Waist Denim Jeans"},"content":{"rendered":"<p>DOLCE &amp; GABBANA<\/p>\n<p>Gorgeous brandneue mit Tags, 100% Authentic Dolce &amp; Gabbana hohe Taille konische Jeans.<br \/>\nV\u00e4ri: Moniv\u00e4rinen<br \/>\nModell: Jeans mit hoher Taille<br \/>\nIstuvuus: Normaali istuvuus<br \/>\nMateriaali: 98% puuvilla 2% elastaani<br \/>\nSchlitz: Schlitz mit Rei\u00dfverschluss und Knopfverschluss<br \/>\nZwei Fronttaschen und Ges\u00e4\u00dftaschen<br \/>\nLogon yksityiskohdat<br \/>\nValmistettu Italiassa<br \/>\nSehr exklusiv und mit hohem Tragekomfort.<\/p>\n<p><strong>Dieser Artikel hat einen kleinen Fehler, es gibt Flecken auf der Vorderseite (siehe Bilder f\u00fcr Details). <\/strong><\/p>","protected":false},"excerpt":{"rendered":"<p>DOLCE &amp; GABBANA Gorgeous brandneue mit Tags, 100% Authentic Dolce &amp; Gabbana hohe Taille konische Jeans. Farbe: Multicolor Modell: Jeans mit hoher Taille Passform: Normale Passform Material: 98% Baumwolle 2% Elastan Schlitz: Schlitz mit Rei\u00dfverschluss und Knopfverschluss Zwei Fronttaschen und Ges\u00e4\u00dftaschen Logo-Details In Italien hergestellt Sehr exklusiv und mit hohem Tragekomfort. Dieser Artikel hat einen [&hellip;]<\/p>","protected":false},"featured_media":354681,"template":"","meta":[],"product_brand":[1620],"product_cat":[1637,1686,1623],"product_tag":[],"class_list":{"0":"post-354687","1":"product","2":"type-product","3":"status-publish","4":"has-post-thumbnail","6":"product_brand-dolce-gabbana","7":"product_cat-frauen-kleidung","8":"product_cat-jeans-hosen-frauen-kleidung","9":"product_cat-kleidung","11":"first","12":"instock","13":"sale","14":"taxable","15":"shipping-taxable","16":"purchasable","17":"product-type-variable"},"_links":{"self":[{"href":"https:\/\/tpmadalina42.supserv.cozmoslabs.com\/fi\/wp-json\/wp\/v2\/product\/354687","targetHints":{"allow":["GET"]}}],"collection":[{"href":"https:\/\/tpmadalina42.supserv.cozmoslabs.com\/fi\/wp-json\/wp\/v2\/product"}],"about":[{"href":"https:\/\/tpmadalina42.supserv.cozmoslabs.com\/fi\/wp-json\/wp\/v2\/types\/product"}],"wp:featuredmedia":[{"embeddable":true,"href":"https:\/\/tpmadalina42.supserv.cozmoslabs.com\/fi\/wp-json\/wp\/v2\/media\/354681"}],"wp:attachment":[{"href":"https:\/\/tpmadalina42.supserv.cozmoslabs.com\/fi\/wp-json\/wp\/v2\/media?parent=354687"}],"wp:term":[{"taxonomy":"product_brand","embeddable":true,"href":"https:\/\/tpmadalina42.supserv.cozmoslabs.com\/fi\/wp-json\/wp\/v2\/product_brand?post=354687"},{"taxonomy":"product_cat","embeddable":true,"href":"https:\/\/tpmadalina42.supserv.cozmoslabs.com\/fi\/wp-json\/wp\/v2\/product_cat?post=354687"},{"taxonomy":"product_tag","embeddable":true,"href":"https:\/\/tpmadalina42.supserv.cozmoslabs.com\/fi\/wp-json\/wp\/v2\/product_tag?post=354687"}],"curies":[{"name":"wp","href":"https:\/\/api.w.org\/{rel}","templated":true}]}}