{"id":354709,"date":"2024-12-01T15:26:58","date_gmt":"2024-12-01T14:26:58","guid":{"rendered":"https:\/\/glandine.com\/product\/dolce-gabbana-black-quilted-high-waist-women-wide-leg-pants\/"},"modified":"2024-12-12T08:52:44","modified_gmt":"2024-12-12T07:52:44","slug":"dolce-gabbana-black-quilted-high-waist-women-wide-leg-pants","status":"publish","type":"product","link":"https:\/\/tpmadalina42.supserv.cozmoslabs.com\/fi\/tuote-2\/dolce-gabbana-black-quilted-high-waist-women-wide-leg-pants\/","title":{"rendered":"Dolce &amp; Gabbana Black Quilted High Waist Women Wide Leg Pants"},"content":{"rendered":"<p>DOLCE &amp; GABBANA<\/p>\n<p>Wundersch\u00f6ne, 100% authentische Dolce &amp; Gabbana gesteppte Hose mit hoher Taille und weitem Bein.<br \/>\nModell: Hose mit hoher Taille<br \/>\nIstuvuus: Normaali<br \/>\nV\u00e4ri: Musta<br \/>\nMateriaali: 100% nylon<br \/>\nRei\u00dfverschluss und Knopfverschluss<br \/>\nLogon yksityiskohdat<br \/>\nValmistettu Italiassa<br \/>\nSehr exklusiv und mit hohem Tragekomfort.<\/p>\n<p><strong>Dieser Artikel hat einen kleinen Fehler, es gibt gezogene F\u00e4den auf der unteren Vorderseite und fehlende Kn\u00f6pfe (siehe Bilder f\u00fcr Details). <\/strong><\/p>","protected":false},"excerpt":{"rendered":"<p>DOLCE &amp; GABBANA Wundersch\u00f6ne, 100% authentische Dolce &amp; Gabbana gesteppte Hose mit hoher Taille und weitem Bein. Modell: Hose mit hoher Taille Passform: Regul\u00e4r Farbe: Schwarz Material: 100% Nylon Rei\u00dfverschluss und Knopfverschluss Logo-Details In Italien hergestellt Sehr exklusiv und mit hohem Tragekomfort. Dieser Artikel hat einen kleinen Fehler, es gibt gezogene F\u00e4den auf der unteren [&hellip;]<\/p>","protected":false},"featured_media":354701,"template":"","meta":[],"product_brand":[1620],"product_cat":[1637,1686,1623],"product_tag":[],"class_list":{"0":"post-354709","1":"product","2":"type-product","3":"status-publish","4":"has-post-thumbnail","6":"product_brand-dolce-gabbana","7":"product_cat-frauen-kleidung","8":"product_cat-jeans-hosen-frauen-kleidung","9":"product_cat-kleidung","11":"first","12":"instock","13":"sale","14":"taxable","15":"shipping-taxable","16":"purchasable","17":"product-type-variable"},"_links":{"self":[{"href":"https:\/\/tpmadalina42.supserv.cozmoslabs.com\/fi\/wp-json\/wp\/v2\/product\/354709","targetHints":{"allow":["GET"]}}],"collection":[{"href":"https:\/\/tpmadalina42.supserv.cozmoslabs.com\/fi\/wp-json\/wp\/v2\/product"}],"about":[{"href":"https:\/\/tpmadalina42.supserv.cozmoslabs.com\/fi\/wp-json\/wp\/v2\/types\/product"}],"wp:featuredmedia":[{"embeddable":true,"href":"https:\/\/tpmadalina42.supserv.cozmoslabs.com\/fi\/wp-json\/wp\/v2\/media\/354701"}],"wp:attachment":[{"href":"https:\/\/tpmadalina42.supserv.cozmoslabs.com\/fi\/wp-json\/wp\/v2\/media?parent=354709"}],"wp:term":[{"taxonomy":"product_brand","embeddable":true,"href":"https:\/\/tpmadalina42.supserv.cozmoslabs.com\/fi\/wp-json\/wp\/v2\/product_brand?post=354709"},{"taxonomy":"product_cat","embeddable":true,"href":"https:\/\/tpmadalina42.supserv.cozmoslabs.com\/fi\/wp-json\/wp\/v2\/product_cat?post=354709"},{"taxonomy":"product_tag","embeddable":true,"href":"https:\/\/tpmadalina42.supserv.cozmoslabs.com\/fi\/wp-json\/wp\/v2\/product_tag?post=354709"}],"curies":[{"name":"wp","href":"https:\/\/api.w.org\/{rel}","templated":true}]}}