{"id":360193,"date":"2024-12-02T14:44:22","date_gmt":"2024-12-02T13:44:22","guid":{"rendered":"https:\/\/glandine.com\/product\/fila-schwarzer-polyester-damen-sneaker-4\/"},"modified":"2024-12-04T01:32:39","modified_gmt":"2024-12-04T00:32:39","slug":"fila-schwarzer-polyester-damen-sneaker-4","status":"publish","type":"product","link":"https:\/\/tpmadalina42.supserv.cozmoslabs.com\/fi\/tuote-2\/fila-schwarzer-polyester-damen-sneaker-4\/","title":{"rendered":"Fila Schwarzer Polyester Damen Sneaker"},"content":{"rendered":"<p>Steigern Sie Ihr Spiel mit diesen eleganten Fila Turnschuhen, die entworfen sind, um K\u00f6pfe zu drehen. Mit ihrem dynamischen schwarzen Farbton und dem unverwechselbaren Logo, das die Essenz der Sportmode darstellt, vereinen diese Schn\u00fcrschuhe m\u00fchelos Stil und Komfort. Perfekt f\u00fcr Frauen, die funktionelle und zugleich trendige Mode sch\u00e4tzen. <\/p>\n<p>Material: 50% Polyester, 50% Polyethylen<br \/>\nAlkuper\u00e4maa: BD<br \/>\nV\u00e4ri: Musta<\/p>","protected":false},"excerpt":{"rendered":"<p>Steigern Sie Ihr Spiel mit diesen eleganten Fila Turnschuhen, die entworfen sind, um K\u00f6pfe zu drehen. Mit ihrem dynamischen schwarzen Farbton und dem unverwechselbaren Logo, das die Essenz der Sportmode darstellt, vereinen diese Schn\u00fcrschuhe m\u00fchelos Stil und Komfort. Perfekt f\u00fcr Frauen, die funktionelle und zugleich trendige Mode sch\u00e4tzen. Material: 50% Polyester, 50% Polyethylen Herkunftsland: BD [&hellip;]<\/p>","protected":false},"featured_media":360190,"template":"","meta":[],"product_brand":[2150],"product_cat":[1635,1624,1703],"product_tag":[],"class_list":{"0":"post-360193","1":"product","2":"type-product","3":"status-publish","4":"has-post-thumbnail","6":"product_brand-fila","7":"product_cat-frauen-schuhe","8":"product_cat-schuhe","9":"product_cat-turnschuhe-frauen-schuhe","11":"first","12":"instock","13":"sale","14":"taxable","15":"shipping-taxable","16":"purchasable","17":"product-type-variable"},"_links":{"self":[{"href":"https:\/\/tpmadalina42.supserv.cozmoslabs.com\/fi\/wp-json\/wp\/v2\/product\/360193","targetHints":{"allow":["GET"]}}],"collection":[{"href":"https:\/\/tpmadalina42.supserv.cozmoslabs.com\/fi\/wp-json\/wp\/v2\/product"}],"about":[{"href":"https:\/\/tpmadalina42.supserv.cozmoslabs.com\/fi\/wp-json\/wp\/v2\/types\/product"}],"wp:featuredmedia":[{"embeddable":true,"href":"https:\/\/tpmadalina42.supserv.cozmoslabs.com\/fi\/wp-json\/wp\/v2\/media\/360190"}],"wp:attachment":[{"href":"https:\/\/tpmadalina42.supserv.cozmoslabs.com\/fi\/wp-json\/wp\/v2\/media?parent=360193"}],"wp:term":[{"taxonomy":"product_brand","embeddable":true,"href":"https:\/\/tpmadalina42.supserv.cozmoslabs.com\/fi\/wp-json\/wp\/v2\/product_brand?post=360193"},{"taxonomy":"product_cat","embeddable":true,"href":"https:\/\/tpmadalina42.supserv.cozmoslabs.com\/fi\/wp-json\/wp\/v2\/product_cat?post=360193"},{"taxonomy":"product_tag","embeddable":true,"href":"https:\/\/tpmadalina42.supserv.cozmoslabs.com\/fi\/wp-json\/wp\/v2\/product_tag?post=360193"}],"curies":[{"name":"wp","href":"https:\/\/api.w.org\/{rel}","templated":true}]}}