{"id":360373,"date":"2024-12-02T15:55:04","date_gmt":"2024-12-02T14:55:04","guid":{"rendered":"https:\/\/glandine.com\/product\/tommy-hilfiger-weisses-leder-damen-sneaker-21\/"},"modified":"2024-12-02T15:55:10","modified_gmt":"2024-12-02T14:55:10","slug":"tommy-hilfiger-weisses-leder-damen-sneaker-21","status":"publish","type":"product","link":"https:\/\/tpmadalina42.supserv.cozmoslabs.com\/fi\/tuote-2\/tommy-hilfiger-weisses-leder-damen-sneaker-21\/","title":{"rendered":"Tommy Hilfiger Valkoinen nahka Naisten tennarit"},"content":{"rendered":"<p>Mit den Tommy Hilfiger Lace-Ups, dem Inbegriff des sportlichen Schickes, sind Sie auf der H\u00f6he der Zeit. Diese Sneaker wurden mit einem Engagement f\u00fcr Nachhaltigkeit gefertigt und bestehen aus wei\u00dfem Leder, das durch dynamische Kontrastdetails akzentuiert wird. Das kultige Tommy Hilfiger-Logo verleiht Ihrem Alltagsstil einen Hauch von Luxus. Entworfen f\u00fcr modebewusste und umweltbewusste Menschen, gehen Sie selbstbewusst in eine gr\u00fcnere Zukunft, ohne Kompromisse bei Ihrem Look einzugehen.<\/p>\n<p>&#8211; Marke: Tommy Hilfiger<br \/>\n&#8211; Material: 20% Polyester, 60% Leder, 20% Polyethylen<br \/>\n&#8211; Herkunftsland: ID<br \/>\n&#8211; Farbe: Wei\u00df<\/p>","protected":false},"excerpt":{"rendered":"<p>Mit den Tommy Hilfiger Lace-Ups, dem Inbegriff des sportlichen Schickes, sind Sie auf der H\u00f6he der Zeit. Diese Sneaker wurden mit einem Engagement f\u00fcr Nachhaltigkeit gefertigt und bestehen aus wei\u00dfem Leder, das durch dynamische Kontrastdetails akzentuiert wird. Das kultige Tommy Hilfiger-Logo verleiht Ihrem Alltagsstil einen Hauch von Luxus. Entworfen f\u00fcr modebewusste und umweltbewusste Menschen, gehen [&hellip;]<\/p>","protected":false},"featured_media":360370,"template":"","meta":[],"product_brand":[2177],"product_cat":[1635,1624,1703],"product_tag":[],"class_list":{"0":"post-360373","1":"product","2":"type-product","3":"status-publish","4":"has-post-thumbnail","6":"product_brand-tommy-hilfiger","7":"product_cat-frauen-schuhe","8":"product_cat-schuhe","9":"product_cat-turnschuhe-frauen-schuhe","11":"first","12":"instock","13":"sale","14":"taxable","15":"shipping-taxable","16":"purchasable","17":"product-type-variable"},"_links":{"self":[{"href":"https:\/\/tpmadalina42.supserv.cozmoslabs.com\/fi\/wp-json\/wp\/v2\/product\/360373","targetHints":{"allow":["GET"]}}],"collection":[{"href":"https:\/\/tpmadalina42.supserv.cozmoslabs.com\/fi\/wp-json\/wp\/v2\/product"}],"about":[{"href":"https:\/\/tpmadalina42.supserv.cozmoslabs.com\/fi\/wp-json\/wp\/v2\/types\/product"}],"wp:featuredmedia":[{"embeddable":true,"href":"https:\/\/tpmadalina42.supserv.cozmoslabs.com\/fi\/wp-json\/wp\/v2\/media\/360370"}],"wp:attachment":[{"href":"https:\/\/tpmadalina42.supserv.cozmoslabs.com\/fi\/wp-json\/wp\/v2\/media?parent=360373"}],"wp:term":[{"taxonomy":"product_brand","embeddable":true,"href":"https:\/\/tpmadalina42.supserv.cozmoslabs.com\/fi\/wp-json\/wp\/v2\/product_brand?post=360373"},{"taxonomy":"product_cat","embeddable":true,"href":"https:\/\/tpmadalina42.supserv.cozmoslabs.com\/fi\/wp-json\/wp\/v2\/product_cat?post=360373"},{"taxonomy":"product_tag","embeddable":true,"href":"https:\/\/tpmadalina42.supserv.cozmoslabs.com\/fi\/wp-json\/wp\/v2\/product_tag?post=360373"}],"curies":[{"name":"wp","href":"https:\/\/api.w.org\/{rel}","templated":true}]}}