{"id":364799,"date":"2024-12-03T10:25:30","date_gmt":"2024-12-03T09:25:30","guid":{"rendered":"https:\/\/glandine.com\/product\/hugo-boss-brauner-lederguertel-2\/"},"modified":"2024-12-03T15:39:29","modified_gmt":"2024-12-03T14:39:29","slug":"hugo-boss-brauner-lederguertel-2","status":"publish","type":"product","link":"https:\/\/tpmadalina42.supserv.cozmoslabs.com\/fi\/tuote-2\/hugo-boss-brauner-lederguertel-2\/","title":{"rendered":"Hugo Boss Brauner Lederg\u00fcrtel"},"content":{"rendered":"<p><br>&#8211; HERRENG\u00dcRTEL<br>&#8211; KOLLEKTION: FR\u00dcHLING\/SOMMER<br>&#8211; ZUSAMMENSETZUNG: 100% LEDER<br>&#8211; H\u00d6HE(CM.) : 122.<br> &#8211; BREITE(CM.): 5.<br> &#8211; TIEFE(CM.): 0.3<\/p>","protected":false},"excerpt":{"rendered":"<p>&#8211; HERRENG\u00dcRTEL&#8211; KOLLEKTION: FR\u00dcHLING\/SOMMER&#8211; ZUSAMMENSETZUNG: 100% LEDER&#8211; H\u00d6HE(CM.) : 122. &#8211; BREITE(CM.): 5. &#8211; TIEFE(CM.): 0.3<\/p>","protected":false},"featured_media":364795,"template":"","meta":[],"product_brand":[2281],"product_cat":[1621,1631,1651],"product_tag":[],"class_list":{"0":"post-364799","1":"product","2":"type-product","3":"status-publish","4":"has-post-thumbnail","6":"product_brand-hugo-boss","7":"product_cat-accessoire","8":"product_cat-maenner-zubehoer","9":"product_cat-guertel","11":"first","12":"instock","13":"sale","14":"taxable","15":"shipping-taxable","16":"purchasable","17":"product-type-variable"},"_links":{"self":[{"href":"https:\/\/tpmadalina42.supserv.cozmoslabs.com\/fi\/wp-json\/wp\/v2\/product\/364799","targetHints":{"allow":["GET"]}}],"collection":[{"href":"https:\/\/tpmadalina42.supserv.cozmoslabs.com\/fi\/wp-json\/wp\/v2\/product"}],"about":[{"href":"https:\/\/tpmadalina42.supserv.cozmoslabs.com\/fi\/wp-json\/wp\/v2\/types\/product"}],"wp:featuredmedia":[{"embeddable":true,"href":"https:\/\/tpmadalina42.supserv.cozmoslabs.com\/fi\/wp-json\/wp\/v2\/media\/364795"}],"wp:attachment":[{"href":"https:\/\/tpmadalina42.supserv.cozmoslabs.com\/fi\/wp-json\/wp\/v2\/media?parent=364799"}],"wp:term":[{"taxonomy":"product_brand","embeddable":true,"href":"https:\/\/tpmadalina42.supserv.cozmoslabs.com\/fi\/wp-json\/wp\/v2\/product_brand?post=364799"},{"taxonomy":"product_cat","embeddable":true,"href":"https:\/\/tpmadalina42.supserv.cozmoslabs.com\/fi\/wp-json\/wp\/v2\/product_cat?post=364799"},{"taxonomy":"product_tag","embeddable":true,"href":"https:\/\/tpmadalina42.supserv.cozmoslabs.com\/fi\/wp-json\/wp\/v2\/product_tag?post=364799"}],"curies":[{"name":"wp","href":"https:\/\/api.w.org\/{rel}","templated":true}]}}