{"id":365263,"date":"2024-12-03T15:00:47","date_gmt":"2024-12-03T14:00:47","guid":{"rendered":"https:\/\/glandine.com\/product\/napapijri-blauer-baumwollpullover-14\/"},"modified":"2024-12-12T10:12:52","modified_gmt":"2024-12-12T09:12:52","slug":"napapijri-blauer-baumwollpullover-14","status":"publish","type":"product","link":"https:\/\/tpmadalina42.supserv.cozmoslabs.com\/fi\/tuote-2\/napapijri-blauer-baumwollpullover-14\/","title":{"rendered":"Napapijri Blauer puuvillainen pusero"},"content":{"rendered":"<p>PITK\u00c4HIHAINEN COLLEGEPAITA, S\u00c4\u00c4NN\u00d6LLINEN ISTUVUUS, COLLEGEPAITA, PY\u00d6RE\u00c4 KAULA-AUKKO, PAINATUS, LOGO<\/p>","protected":false},"excerpt":{"rendered":"<p>PITK\u00c4HIHAINEN COLLEGEPAITA, S\u00c4\u00c4NN\u00d6LLINEN ISTUVUUS, COLLEGEPAITA, PY\u00d6RE\u00c4 KAULA-AUKKO, PAINATUS, LOGO<\/p>","protected":false},"featured_media":365261,"template":"","meta":[],"product_brand":[2312],"product_cat":[1633,1623],"product_tag":[],"class_list":{"0":"post-365263","1":"product","2":"type-product","3":"status-publish","4":"has-post-thumbnail","6":"product_brand-napapijri","7":"product_cat-maenner-kleidung","8":"product_cat-kleidung","10":"first","11":"instock","12":"sale","13":"taxable","14":"shipping-taxable","15":"purchasable","16":"product-type-variable"},"_links":{"self":[{"href":"https:\/\/tpmadalina42.supserv.cozmoslabs.com\/fi\/wp-json\/wp\/v2\/product\/365263","targetHints":{"allow":["GET"]}}],"collection":[{"href":"https:\/\/tpmadalina42.supserv.cozmoslabs.com\/fi\/wp-json\/wp\/v2\/product"}],"about":[{"href":"https:\/\/tpmadalina42.supserv.cozmoslabs.com\/fi\/wp-json\/wp\/v2\/types\/product"}],"wp:featuredmedia":[{"embeddable":true,"href":"https:\/\/tpmadalina42.supserv.cozmoslabs.com\/fi\/wp-json\/wp\/v2\/media\/365261"}],"wp:attachment":[{"href":"https:\/\/tpmadalina42.supserv.cozmoslabs.com\/fi\/wp-json\/wp\/v2\/media?parent=365263"}],"wp:term":[{"taxonomy":"product_brand","embeddable":true,"href":"https:\/\/tpmadalina42.supserv.cozmoslabs.com\/fi\/wp-json\/wp\/v2\/product_brand?post=365263"},{"taxonomy":"product_cat","embeddable":true,"href":"https:\/\/tpmadalina42.supserv.cozmoslabs.com\/fi\/wp-json\/wp\/v2\/product_cat?post=365263"},{"taxonomy":"product_tag","embeddable":true,"href":"https:\/\/tpmadalina42.supserv.cozmoslabs.com\/fi\/wp-json\/wp\/v2\/product_tag?post=365263"}],"curies":[{"name":"wp","href":"https:\/\/api.w.org\/{rel}","templated":true}]}}