{"id":365668,"date":"2024-12-03T16:58:17","date_gmt":"2024-12-03T15:58:17","guid":{"rendered":"https:\/\/glandine.com\/product\/chopard-gruene-metallrahmen\/"},"modified":"2024-12-03T16:58:17","modified_gmt":"2024-12-03T15:58:17","slug":"chopard-gruene-metallrahmen","status":"publish","type":"product","link":"https:\/\/tpmadalina42.supserv.cozmoslabs.com\/fi\/tuote-2\/chopard-gruene-metallrahmen\/","title":{"rendered":"Chopard Gr\u00fcne Metallrahmen"},"content":{"rendered":"<p>Mekanismin tyyppi: .<br \/>Mainos:.<br \/>Kotelon materiaali: .<br \/>Kotelon v\u00e4ri:.<br \/>Rannekorun materiaali: METALLI.<br \/>Rannekorun v\u00e4ri:.<br \/>Zifferblattfarbe:GR\u00dcN.<br \/>Lasin tyyppi:.<br \/>Vedenkest\u00e4vyys:.<br \/>Vedenkest\u00e4vyys:.<br \/>Durchmesser Zifferblatt: 53\/19\/135.<br \/>Erikoistoiminnot:<\/p>","protected":false},"excerpt":{"rendered":"<p>Art des Mechanismus: .Anzeige: .Material des Geh\u00e4uses: .Farbe des Geh\u00e4uses: .Material des Armbands: METALL.Farbe des Armbands: .Zifferblattfarbe:GR\u00dcN.Glastyp: .Wasserdichtigkeit: .Wasserdichtigkeit: .Durchmesser Zifferblatt: 53\/19\/135.Sonderfunktionen:<\/p>","protected":false},"featured_media":365667,"template":"","meta":[],"product_brand":[2730],"product_cat":[1626,1645],"product_tag":[],"class_list":{"0":"post-365668","1":"product","2":"type-product","3":"status-publish","4":"has-post-thumbnail","6":"product_brand-chopard","7":"product_cat-rahmen","8":"product_cat-fassungen-fuer-frauen","10":"first","11":"instock","12":"sale","13":"taxable","14":"shipping-taxable","15":"purchasable","16":"product-type-simple"},"_links":{"self":[{"href":"https:\/\/tpmadalina42.supserv.cozmoslabs.com\/fi\/wp-json\/wp\/v2\/product\/365668","targetHints":{"allow":["GET"]}}],"collection":[{"href":"https:\/\/tpmadalina42.supserv.cozmoslabs.com\/fi\/wp-json\/wp\/v2\/product"}],"about":[{"href":"https:\/\/tpmadalina42.supserv.cozmoslabs.com\/fi\/wp-json\/wp\/v2\/types\/product"}],"wp:featuredmedia":[{"embeddable":true,"href":"https:\/\/tpmadalina42.supserv.cozmoslabs.com\/fi\/wp-json\/wp\/v2\/media\/365667"}],"wp:attachment":[{"href":"https:\/\/tpmadalina42.supserv.cozmoslabs.com\/fi\/wp-json\/wp\/v2\/media?parent=365668"}],"wp:term":[{"taxonomy":"product_brand","embeddable":true,"href":"https:\/\/tpmadalina42.supserv.cozmoslabs.com\/fi\/wp-json\/wp\/v2\/product_brand?post=365668"},{"taxonomy":"product_cat","embeddable":true,"href":"https:\/\/tpmadalina42.supserv.cozmoslabs.com\/fi\/wp-json\/wp\/v2\/product_cat?post=365668"},{"taxonomy":"product_tag","embeddable":true,"href":"https:\/\/tpmadalina42.supserv.cozmoslabs.com\/fi\/wp-json\/wp\/v2\/product_tag?post=365668"}],"curies":[{"name":"wp","href":"https:\/\/api.w.org\/{rel}","templated":true}]}}