{"id":367424,"date":"2024-12-04T01:57:34","date_gmt":"2024-12-04T00:57:34","guid":{"rendered":"https:\/\/glandine.com\/product\/juicy-couture-gruene-polipriel-uhr\/"},"modified":"2024-12-04T01:57:34","modified_gmt":"2024-12-04T00:57:34","slug":"juicy-couture-gruene-polipriel-uhr","status":"publish","type":"product","link":"https:\/\/tpmadalina42.supserv.cozmoslabs.com\/fi\/tuote-2\/juicy-couture-gruene-polipriel-uhr\/","title":{"rendered":"Juicy Couture Gr\u00fcne Polipriel-Uhr"},"content":{"rendered":"<p>Mekanismin tyyppi: KVARTSI.<br \/>N\u00e4ytt\u00f6: ANALOGICAL.<br \/>Kotelon materiaali: METALLI.<br \/>Farbe des Geh\u00e4uses: PINK.<br \/>Material des Armbands: POLIPRIEL.<br \/>Farbe des Armbands: GR\u00dcN.<br \/>Zifferblattfarbe: GR\u00dcN.<br \/>Lasityyppi: MINERAALI.<br \/>Sulkeminen: SOKI.<br \/>Vedenkest\u00e4vyys: EI.<br \/>Durchmesser Zifferblatt: 38 MM.<br \/>Erikoistoiminnot:<\/p>","protected":false},"excerpt":{"rendered":"<p>Art des Mechanismus: QUARTZ.Anzeige: ANALOGISCH.Material des Geh\u00e4uses: METALL.Farbe des Geh\u00e4uses: PINK.Material des Armbands: POLIPRIEL.Farbe des Armbands: GR\u00dcN.Zifferblattfarbe: GR\u00dcN.Glasart: MINERAL.Verschluss: BUCKLE.Wasserdichtigkeit: NO.Durchmesser Zifferblatt: 38 MM.Sonderfunktionen:<\/p>","protected":false},"featured_media":367421,"template":"","meta":[],"product_brand":[1994],"product_cat":[1628,1647],"product_tag":[],"class_list":{"0":"post-367424","1":"product","2":"type-product","3":"status-publish","4":"has-post-thumbnail","6":"product_brand-juicy-couture","7":"product_cat-uhren","8":"product_cat-uhren-fuer-frauen","10":"first","11":"instock","12":"sale","13":"taxable","14":"shipping-taxable","15":"purchasable","16":"product-type-simple"},"_links":{"self":[{"href":"https:\/\/tpmadalina42.supserv.cozmoslabs.com\/fi\/wp-json\/wp\/v2\/product\/367424","targetHints":{"allow":["GET"]}}],"collection":[{"href":"https:\/\/tpmadalina42.supserv.cozmoslabs.com\/fi\/wp-json\/wp\/v2\/product"}],"about":[{"href":"https:\/\/tpmadalina42.supserv.cozmoslabs.com\/fi\/wp-json\/wp\/v2\/types\/product"}],"wp:featuredmedia":[{"embeddable":true,"href":"https:\/\/tpmadalina42.supserv.cozmoslabs.com\/fi\/wp-json\/wp\/v2\/media\/367421"}],"wp:attachment":[{"href":"https:\/\/tpmadalina42.supserv.cozmoslabs.com\/fi\/wp-json\/wp\/v2\/media?parent=367424"}],"wp:term":[{"taxonomy":"product_brand","embeddable":true,"href":"https:\/\/tpmadalina42.supserv.cozmoslabs.com\/fi\/wp-json\/wp\/v2\/product_brand?post=367424"},{"taxonomy":"product_cat","embeddable":true,"href":"https:\/\/tpmadalina42.supserv.cozmoslabs.com\/fi\/wp-json\/wp\/v2\/product_cat?post=367424"},{"taxonomy":"product_tag","embeddable":true,"href":"https:\/\/tpmadalina42.supserv.cozmoslabs.com\/fi\/wp-json\/wp\/v2\/product_tag?post=367424"}],"curies":[{"name":"wp","href":"https:\/\/api.w.org\/{rel}","templated":true}]}}