{"id":368203,"date":"2024-12-04T05:44:38","date_gmt":"2024-12-04T04:44:38","guid":{"rendered":"https:\/\/glandine.com\/product\/olivia-burton-uhr-aus-gruenem-kunstleder-3\/"},"modified":"2024-12-04T05:44:38","modified_gmt":"2024-12-04T04:44:38","slug":"olivia-burton-uhr-aus-gruenem-kunstleder-3","status":"publish","type":"product","link":"https:\/\/tpmadalina42.supserv.cozmoslabs.com\/fi\/tuote-2\/olivia-burton-uhr-aus-gruenem-kunstleder-3\/","title":{"rendered":"Olivia Burton Uhr aus gr\u00fcnem Kunstleder"},"content":{"rendered":"<p>Mekanismin tyyppi: KVARTSI.<br \/>N\u00e4ytt\u00f6: ANALOGICAL.<br \/>Kotelon materiaali: RUOSTUMATON TER\u00c4S.<br \/>Kotelon v\u00e4ri: KULTA.<br \/>Material des Armbands: Synthetisches Leder.<br \/>Farbe des Armbands: GR\u00dcN.<br \/>Kellotaulun v\u00e4ri: KULTAINEN.<br \/>Lasityyppi: MINERAALI.<br \/>Sulkeminen: L\u00c4HEMM\u00c4N.<br \/>Wasserdichtigkeit: 1 ATM.<br \/>Zifferblatt-Durchmesser: 30 MM.<br \/>Erikoistoiminnot:<\/p>","protected":false},"excerpt":{"rendered":"<p>Art des Mechanismus: QUARTZ.Anzeige: ANALOGISCH.Material des Geh\u00e4uses: EDELSTAHL.Farbe des Geh\u00e4uses: GOLDEN.Material des Armbands: Synthetisches Leder.Farbe des Armbands: GR\u00dcN.Zifferblattfarbe: GOLDEN.Glasart: MINERAL.Verschluss: SCHLIESSER.Wasserdichtigkeit: 1 ATM.Zifferblatt-Durchmesser: 30 MM.Sonderfunktionen:<\/p>","protected":false},"featured_media":368202,"template":"","meta":[],"product_brand":[2736],"product_cat":[1628,1647],"product_tag":[],"class_list":{"0":"post-368203","1":"product","2":"type-product","3":"status-publish","4":"has-post-thumbnail","6":"product_brand-olivia-burton","7":"product_cat-uhren","8":"product_cat-uhren-fuer-frauen","10":"first","11":"instock","12":"sale","13":"taxable","14":"shipping-taxable","15":"purchasable","16":"product-type-simple"},"_links":{"self":[{"href":"https:\/\/tpmadalina42.supserv.cozmoslabs.com\/fi\/wp-json\/wp\/v2\/product\/368203","targetHints":{"allow":["GET"]}}],"collection":[{"href":"https:\/\/tpmadalina42.supserv.cozmoslabs.com\/fi\/wp-json\/wp\/v2\/product"}],"about":[{"href":"https:\/\/tpmadalina42.supserv.cozmoslabs.com\/fi\/wp-json\/wp\/v2\/types\/product"}],"wp:featuredmedia":[{"embeddable":true,"href":"https:\/\/tpmadalina42.supserv.cozmoslabs.com\/fi\/wp-json\/wp\/v2\/media\/368202"}],"wp:attachment":[{"href":"https:\/\/tpmadalina42.supserv.cozmoslabs.com\/fi\/wp-json\/wp\/v2\/media?parent=368203"}],"wp:term":[{"taxonomy":"product_brand","embeddable":true,"href":"https:\/\/tpmadalina42.supserv.cozmoslabs.com\/fi\/wp-json\/wp\/v2\/product_brand?post=368203"},{"taxonomy":"product_cat","embeddable":true,"href":"https:\/\/tpmadalina42.supserv.cozmoslabs.com\/fi\/wp-json\/wp\/v2\/product_cat?post=368203"},{"taxonomy":"product_tag","embeddable":true,"href":"https:\/\/tpmadalina42.supserv.cozmoslabs.com\/fi\/wp-json\/wp\/v2\/product_tag?post=368203"}],"curies":[{"name":"wp","href":"https:\/\/api.w.org\/{rel}","templated":true}]}}