{"id":371495,"date":"2024-12-07T11:16:21","date_gmt":"2024-12-07T10:16:21","guid":{"rendered":"https:\/\/glandine.com\/product\/pinko-lila-polyesterkleid-2\/"},"modified":"2024-12-07T11:16:28","modified_gmt":"2024-12-07T10:16:28","slug":"pinko-lila-polyesterkleid-2","status":"publish","type":"product","link":"https:\/\/tpmadalina42.supserv.cozmoslabs.com\/fi\/tuote-2\/pinko-lila-polyesterkleid-2\/","title":{"rendered":"PINKO Lila Polyesterkleid"},"content":{"rendered":"<p>Kurzes, \u00e4rmelloses Kleid von Pinko, gerade geschnitten, aus Stretch-Cr\u00eape, mit Drapierungseffekt auf der Vorderseite. D\u00fcnne Schultertr\u00e4ger, herzf\u00f6rmiger Ausschnitt auf der Vorderseite und kurzer, gerader Saum mit \u00dcberkreuzung auf der R\u00fcckseite. Rei\u00dfverschluss in der hinteren Mitte.<\/p>","protected":false},"excerpt":{"rendered":"<p>Kurzes, \u00e4rmelloses Kleid von Pinko, gerade geschnitten, aus Stretch-Cr\u00eape, mit Drapierungseffekt auf der Vorderseite. D\u00fcnne Schultertr\u00e4ger, herzf\u00f6rmiger Ausschnitt auf der Vorderseite und kurzer, gerader Saum mit \u00dcberkreuzung auf der R\u00fcckseite. Rei\u00dfverschluss in der hinteren Mitte.<\/p>","protected":false},"featured_media":371492,"template":"","meta":[],"product_brand":[2064],"product_cat":[1637,1659,1623],"product_tag":[],"class_list":{"0":"post-371495","1":"product","2":"type-product","3":"status-publish","4":"has-post-thumbnail","6":"product_brand-pinko","7":"product_cat-frauen-kleidung","8":"product_cat-kleider","9":"product_cat-kleidung","11":"first","12":"instock","13":"sale","14":"taxable","15":"shipping-taxable","16":"purchasable","17":"product-type-variable"},"_links":{"self":[{"href":"https:\/\/tpmadalina42.supserv.cozmoslabs.com\/fi\/wp-json\/wp\/v2\/product\/371495","targetHints":{"allow":["GET"]}}],"collection":[{"href":"https:\/\/tpmadalina42.supserv.cozmoslabs.com\/fi\/wp-json\/wp\/v2\/product"}],"about":[{"href":"https:\/\/tpmadalina42.supserv.cozmoslabs.com\/fi\/wp-json\/wp\/v2\/types\/product"}],"wp:featuredmedia":[{"embeddable":true,"href":"https:\/\/tpmadalina42.supserv.cozmoslabs.com\/fi\/wp-json\/wp\/v2\/media\/371492"}],"wp:attachment":[{"href":"https:\/\/tpmadalina42.supserv.cozmoslabs.com\/fi\/wp-json\/wp\/v2\/media?parent=371495"}],"wp:term":[{"taxonomy":"product_brand","embeddable":true,"href":"https:\/\/tpmadalina42.supserv.cozmoslabs.com\/fi\/wp-json\/wp\/v2\/product_brand?post=371495"},{"taxonomy":"product_cat","embeddable":true,"href":"https:\/\/tpmadalina42.supserv.cozmoslabs.com\/fi\/wp-json\/wp\/v2\/product_cat?post=371495"},{"taxonomy":"product_tag","embeddable":true,"href":"https:\/\/tpmadalina42.supserv.cozmoslabs.com\/fi\/wp-json\/wp\/v2\/product_tag?post=371495"}],"curies":[{"name":"wp","href":"https:\/\/api.w.org\/{rel}","templated":true}]}}