{"id":371769,"date":"2024-12-09T05:57:31","date_gmt":"2024-12-09T04:57:31","guid":{"rendered":"https:\/\/glandine.com\/product\/coccinelle-schwarzes-leder-portemonnaie-4\/"},"modified":"2024-12-10T07:18:42","modified_gmt":"2024-12-10T06:18:42","slug":"coccinelle-schwarzes-leder-portemonnaie-4","status":"publish","type":"product","link":"https:\/\/tpmadalina42.supserv.cozmoslabs.com\/fi\/tuote-2\/coccinelle-schwarzes-leder-portemonnaie-4\/","title":{"rendered":"Coccinelle Schwarzes Leder Portemonnaie"},"content":{"rendered":"<p>BRIEFTASCHE MIT 2 F\u00c4CHERN, M\u00dcNZFACH, DOPPELTE KARTENF\u00c4CHER, REISSVERSCHLUSS UND AUTOMATIKVERSCHLUSS, LOGO<\/p>","protected":false},"excerpt":{"rendered":"<p>BRIEFTASCHE MIT 2 F\u00c4CHERN, M\u00dcNZFACH, DOPPELTE KARTENF\u00c4CHER, REISSVERSCHLUSS UND AUTOMATIKVERSCHLUSS, LOGO<\/p>","protected":false},"featured_media":371766,"template":"","meta":[],"product_brand":[2316],"product_cat":[1630,1722],"product_tag":[],"class_list":{"0":"post-371769","1":"product","2":"type-product","3":"status-publish","4":"has-post-thumbnail","6":"product_brand-coccinelle","7":"product_cat-frauen","8":"product_cat-geldboersen-frauen","10":"first","11":"instock","12":"sale","13":"taxable","14":"shipping-taxable","15":"purchasable","16":"product-type-simple"},"_links":{"self":[{"href":"https:\/\/tpmadalina42.supserv.cozmoslabs.com\/fi\/wp-json\/wp\/v2\/product\/371769","targetHints":{"allow":["GET"]}}],"collection":[{"href":"https:\/\/tpmadalina42.supserv.cozmoslabs.com\/fi\/wp-json\/wp\/v2\/product"}],"about":[{"href":"https:\/\/tpmadalina42.supserv.cozmoslabs.com\/fi\/wp-json\/wp\/v2\/types\/product"}],"wp:featuredmedia":[{"embeddable":true,"href":"https:\/\/tpmadalina42.supserv.cozmoslabs.com\/fi\/wp-json\/wp\/v2\/media\/371766"}],"wp:attachment":[{"href":"https:\/\/tpmadalina42.supserv.cozmoslabs.com\/fi\/wp-json\/wp\/v2\/media?parent=371769"}],"wp:term":[{"taxonomy":"product_brand","embeddable":true,"href":"https:\/\/tpmadalina42.supserv.cozmoslabs.com\/fi\/wp-json\/wp\/v2\/product_brand?post=371769"},{"taxonomy":"product_cat","embeddable":true,"href":"https:\/\/tpmadalina42.supserv.cozmoslabs.com\/fi\/wp-json\/wp\/v2\/product_cat?post=371769"},{"taxonomy":"product_tag","embeddable":true,"href":"https:\/\/tpmadalina42.supserv.cozmoslabs.com\/fi\/wp-json\/wp\/v2\/product_tag?post=371769"}],"curies":[{"name":"wp","href":"https:\/\/api.w.org\/{rel}","templated":true}]}}