{"id":373752,"date":"2024-12-10T17:44:37","date_gmt":"2024-12-10T16:44:37","guid":{"rendered":"https:\/\/glandine.com\/product\/cavalli-class-elegantes-portemonnaie-aus-weissem-kalbsleder\/"},"modified":"2024-12-10T17:44:37","modified_gmt":"2024-12-10T16:44:37","slug":"cavalli-class-elegantes-portemonnaie-aus-weissem-kalbsleder","status":"publish","type":"product","link":"https:\/\/tpmadalina42.supserv.cozmoslabs.com\/fi\/tuote-2\/cavalli-class-elegantes-portemonnaie-aus-weissem-kalbsleder\/","title":{"rendered":"Cavalli Class Elegantes Portemonnaie aus wei\u00dfem Kalbsleder"},"content":{"rendered":"<p>Entdecken Sie den Inbegriff von Eleganz mit dieser Cavalli Class Geldb\u00f6rse, die aus exquisitem 100% Kalbsleder in einem makellosen wei\u00dfen Farbton gefertigt ist. Ihr schlankes Design wird durch einen sicheren Rei\u00dfverschluss perfektioniert, der daf\u00fcr sorgt, dass Ihre Essentials sicher verstaut sind. Mit einer Gr\u00f6\u00dfe von 20\u00d710 cm ist sie der ideale Begleiter f\u00fcr modebewusste Menschen.<\/p>\n<p>Material: 100% Leder di Calfskin<br \/>V\u00e4ri: Valkoinen<br \/>Alkuper\u00e4maa: CN<\/p>","protected":false},"excerpt":{"rendered":"<p>Entdecken Sie den Inbegriff von Eleganz mit dieser Cavalli Class Geldb\u00f6rse, die aus exquisitem 100% Kalbsleder in einem makellosen wei\u00dfen Farbton gefertigt ist. Ihr schlankes Design wird durch einen sicheren Rei\u00dfverschluss perfektioniert, der daf\u00fcr sorgt, dass Ihre Essentials sicher verstaut sind. Mit einer Gr\u00f6\u00dfe von 20\u00d710 cm ist sie der ideale Begleiter f\u00fcr modebewusste Menschen. [&hellip;]<\/p>","protected":false},"featured_media":373749,"template":"","meta":[],"product_brand":[2086],"product_cat":[1630,1722],"product_tag":[],"class_list":{"0":"post-373752","1":"product","2":"type-product","3":"status-publish","4":"has-post-thumbnail","6":"product_brand-cavalli-class","7":"product_cat-frauen","8":"product_cat-geldboersen-frauen","10":"first","11":"instock","12":"sale","13":"taxable","14":"shipping-taxable","15":"purchasable","16":"product-type-simple"},"_links":{"self":[{"href":"https:\/\/tpmadalina42.supserv.cozmoslabs.com\/fi\/wp-json\/wp\/v2\/product\/373752","targetHints":{"allow":["GET"]}}],"collection":[{"href":"https:\/\/tpmadalina42.supserv.cozmoslabs.com\/fi\/wp-json\/wp\/v2\/product"}],"about":[{"href":"https:\/\/tpmadalina42.supserv.cozmoslabs.com\/fi\/wp-json\/wp\/v2\/types\/product"}],"wp:featuredmedia":[{"embeddable":true,"href":"https:\/\/tpmadalina42.supserv.cozmoslabs.com\/fi\/wp-json\/wp\/v2\/media\/373749"}],"wp:attachment":[{"href":"https:\/\/tpmadalina42.supserv.cozmoslabs.com\/fi\/wp-json\/wp\/v2\/media?parent=373752"}],"wp:term":[{"taxonomy":"product_brand","embeddable":true,"href":"https:\/\/tpmadalina42.supserv.cozmoslabs.com\/fi\/wp-json\/wp\/v2\/product_brand?post=373752"},{"taxonomy":"product_cat","embeddable":true,"href":"https:\/\/tpmadalina42.supserv.cozmoslabs.com\/fi\/wp-json\/wp\/v2\/product_cat?post=373752"},{"taxonomy":"product_tag","embeddable":true,"href":"https:\/\/tpmadalina42.supserv.cozmoslabs.com\/fi\/wp-json\/wp\/v2\/product_tag?post=373752"}],"curies":[{"name":"wp","href":"https:\/\/api.w.org\/{rel}","templated":true}]}}