{"id":373760,"date":"2024-12-10T17:45:10","date_gmt":"2024-12-10T16:45:10","guid":{"rendered":"https:\/\/glandine.com\/product\/cavalli-class-elegantes-portemonnaie-aus-braunem-leder-fuer-maenner\/"},"modified":"2024-12-10T17:45:10","modified_gmt":"2024-12-10T16:45:10","slug":"cavalli-class-elegantes-portemonnaie-aus-braunem-leder-fuer-maenner","status":"publish","type":"product","link":"https:\/\/tpmadalina42.supserv.cozmoslabs.com\/fi\/tuote-2\/cavalli-class-elegantes-portemonnaie-aus-braunem-leder-fuer-maenner\/","title":{"rendered":"Cavalli Class Elegantes Portemonnaie aus braunem Leder f\u00fcr M\u00e4nner"},"content":{"rendered":"<p>Verbessern Sie Ihre Accessoires mit dieser raffinierten Geldb\u00f6rse aus braunem Leder, die eine elegante L\u00f6sung f\u00fcr Ihre t\u00e4glichen Bed\u00fcrfnisse darstellt. Das schlichte schwarze Innere bietet reichlich Platz f\u00fcr Karten und M\u00fcnzen und sorgt daf\u00fcr, dass Funktionalit\u00e4t auf Stil trifft.<\/p>\n<ul>\n<li>Materiaali: 100% nahka<\/li>\n<li>Alkuper\u00e4maa: CN<\/li>\n<li>V\u00e4ri: Ruskea<\/li>\n<li>Gr\u00f6\u00dfe: 23x13x3 cm<\/li>\n<\/ul>","protected":false},"excerpt":{"rendered":"<p>Verbessern Sie Ihre Accessoires mit dieser raffinierten Geldb\u00f6rse aus braunem Leder, die eine elegante L\u00f6sung f\u00fcr Ihre t\u00e4glichen Bed\u00fcrfnisse darstellt. Das schlichte schwarze Innere bietet reichlich Platz f\u00fcr Karten und M\u00fcnzen und sorgt daf\u00fcr, dass Funktionalit\u00e4t auf Stil trifft. Material: 100% Leder Herkunftsland: CN Farbe: Braun Gr\u00f6\u00dfe: 23x13x3 cm<\/p>","protected":false},"featured_media":373757,"template":"","meta":[],"product_brand":[2086],"product_cat":[1721,1629],"product_tag":[],"class_list":{"0":"post-373760","1":"product","2":"type-product","3":"status-publish","4":"has-post-thumbnail","6":"product_brand-cavalli-class","7":"product_cat-geldboersen","8":"product_cat-maenner","10":"first","11":"instock","12":"sale","13":"taxable","14":"shipping-taxable","15":"purchasable","16":"product-type-simple"},"_links":{"self":[{"href":"https:\/\/tpmadalina42.supserv.cozmoslabs.com\/fi\/wp-json\/wp\/v2\/product\/373760","targetHints":{"allow":["GET"]}}],"collection":[{"href":"https:\/\/tpmadalina42.supserv.cozmoslabs.com\/fi\/wp-json\/wp\/v2\/product"}],"about":[{"href":"https:\/\/tpmadalina42.supserv.cozmoslabs.com\/fi\/wp-json\/wp\/v2\/types\/product"}],"wp:featuredmedia":[{"embeddable":true,"href":"https:\/\/tpmadalina42.supserv.cozmoslabs.com\/fi\/wp-json\/wp\/v2\/media\/373757"}],"wp:attachment":[{"href":"https:\/\/tpmadalina42.supserv.cozmoslabs.com\/fi\/wp-json\/wp\/v2\/media?parent=373760"}],"wp:term":[{"taxonomy":"product_brand","embeddable":true,"href":"https:\/\/tpmadalina42.supserv.cozmoslabs.com\/fi\/wp-json\/wp\/v2\/product_brand?post=373760"},{"taxonomy":"product_cat","embeddable":true,"href":"https:\/\/tpmadalina42.supserv.cozmoslabs.com\/fi\/wp-json\/wp\/v2\/product_cat?post=373760"},{"taxonomy":"product_tag","embeddable":true,"href":"https:\/\/tpmadalina42.supserv.cozmoslabs.com\/fi\/wp-json\/wp\/v2\/product_tag?post=373760"}],"curies":[{"name":"wp","href":"https:\/\/api.w.org\/{rel}","templated":true}]}}