{"id":373784,"date":"2024-12-10T17:46:44","date_gmt":"2024-12-10T16:46:44","guid":{"rendered":"https:\/\/glandine.com\/product\/cavalli-class-burgunderfarbener-herrenschal-aus-wolle\/"},"modified":"2024-12-10T17:46:44","modified_gmt":"2024-12-10T16:46:44","slug":"cavalli-class-burgunderfarbener-herrenschal-aus-wolle","status":"publish","type":"product","link":"https:\/\/tpmadalina42.supserv.cozmoslabs.com\/fi\/tuote-2\/cavalli-class-burgunderfarbener-herrenschal-aus-wolle\/","title":{"rendered":"Cavalli Class Burgunderfarbener Herrenschal aus Wolle"},"content":{"rendered":"<p>Erleben Sie die wilde Seite der Eleganz mit dem Cavalli Class Animalier Fantasy Logo Schal. Dieser luxuri\u00f6se Schal ist in einem satten Burgunderrot gehalten und besticht durch sein ebenso wildes wie raffiniertes Design. Er ist eine perfekte Mischung aus K\u00fchnheit und italienischer Handwerkskunst und verspricht, Ihrem Outfit einen Hauch von Luxus zu verleihen. H\u00fcllen Sie sich in die exquisite W\u00e4rme von Wolle und Acryl, die Sie durch die Jahreszeiten begleiten wird.<\/p>\n<p>&#8211; Abmessungen: 180\u00d736 cm<br \/>\n&#8211; Material: 50% Wolle, 50% Acryl<br \/>\n&#8211; Herkunftsland: IT<br \/>\n&#8211; Farbe: Burgunderrot<\/p>","protected":false},"excerpt":{"rendered":"<p>Erleben Sie die wilde Seite der Eleganz mit dem Cavalli Class Animalier Fantasy Logo Schal. Dieser luxuri\u00f6se Schal ist in einem satten Burgunderrot gehalten und besticht durch sein ebenso wildes wie raffiniertes Design. Er ist eine perfekte Mischung aus K\u00fchnheit und italienischer Handwerkskunst und verspricht, Ihrem Outfit einen Hauch von Luxus zu verleihen. H\u00fcllen Sie [&hellip;]<\/p>","protected":false},"featured_media":373781,"template":"","meta":[],"product_brand":[2086],"product_cat":[1621,1631,1693],"product_tag":[],"class_list":{"0":"post-373784","1":"product","2":"type-product","3":"status-publish","4":"has-post-thumbnail","6":"product_brand-cavalli-class","7":"product_cat-accessoire","8":"product_cat-maenner-zubehoer","9":"product_cat-schals","11":"first","12":"instock","13":"sale","14":"taxable","15":"shipping-taxable","16":"purchasable","17":"product-type-simple"},"_links":{"self":[{"href":"https:\/\/tpmadalina42.supserv.cozmoslabs.com\/fi\/wp-json\/wp\/v2\/product\/373784","targetHints":{"allow":["GET"]}}],"collection":[{"href":"https:\/\/tpmadalina42.supserv.cozmoslabs.com\/fi\/wp-json\/wp\/v2\/product"}],"about":[{"href":"https:\/\/tpmadalina42.supserv.cozmoslabs.com\/fi\/wp-json\/wp\/v2\/types\/product"}],"wp:featuredmedia":[{"embeddable":true,"href":"https:\/\/tpmadalina42.supserv.cozmoslabs.com\/fi\/wp-json\/wp\/v2\/media\/373781"}],"wp:attachment":[{"href":"https:\/\/tpmadalina42.supserv.cozmoslabs.com\/fi\/wp-json\/wp\/v2\/media?parent=373784"}],"wp:term":[{"taxonomy":"product_brand","embeddable":true,"href":"https:\/\/tpmadalina42.supserv.cozmoslabs.com\/fi\/wp-json\/wp\/v2\/product_brand?post=373784"},{"taxonomy":"product_cat","embeddable":true,"href":"https:\/\/tpmadalina42.supserv.cozmoslabs.com\/fi\/wp-json\/wp\/v2\/product_cat?post=373784"},{"taxonomy":"product_tag","embeddable":true,"href":"https:\/\/tpmadalina42.supserv.cozmoslabs.com\/fi\/wp-json\/wp\/v2\/product_tag?post=373784"}],"curies":[{"name":"wp","href":"https:\/\/api.w.org\/{rel}","templated":true}]}}