{"id":373788,"date":"2024-12-10T17:46:58","date_gmt":"2024-12-10T16:46:58","guid":{"rendered":"https:\/\/glandine.com\/product\/cavalli-class-blauer-wollschal-fuer-maenner-2\/"},"modified":"2024-12-10T17:46:58","modified_gmt":"2024-12-10T16:46:58","slug":"cavalli-class-blauer-wollschal-fuer-maenner-2","status":"publish","type":"product","link":"https:\/\/tpmadalina42.supserv.cozmoslabs.com\/fi\/tuote-2\/cavalli-class-blauer-wollschal-fuer-maenner-2\/","title":{"rendered":"Cavalli Class Blauer Wollschal f\u00fcr M\u00e4nner"},"content":{"rendered":"<p>Entfesseln Sie Ihre wilde Seite mit dem Cavalli Class Animalier Fantasy Logo-Schal. H\u00fcllen Sie sich in eine Mischung aus Opulenz und Sch\u00e4rfe, ein perfektes Statement-Accessoire f\u00fcr jeden modebewussten Enthusiasten. Dieser luxuri\u00f6se Schal aus einer Mischung aus Wolle und Acryl, der in Italien hergestellt wird, ist ein Beweis f\u00fcr Raffinesse mit einem k\u00fchnen Twist. Setzen Sie ein furchtloses Stil-Statement mit diesem leuchtend blauen Schal mit dem unverwechselbaren Cavalli Class Touch.<\/p>\n<p>Materiaali: 50% villa, 50% polyakryyli<br \/>\nAlkuper\u00e4maa: IT<br \/>\nV\u00e4ri: Sininen<\/p>","protected":false},"excerpt":{"rendered":"<p>Entfesseln Sie Ihre wilde Seite mit dem Cavalli Class Animalier Fantasy Logo-Schal. H\u00fcllen Sie sich in eine Mischung aus Opulenz und Sch\u00e4rfe, ein perfektes Statement-Accessoire f\u00fcr jeden modebewussten Enthusiasten. Dieser luxuri\u00f6se Schal aus einer Mischung aus Wolle und Acryl, der in Italien hergestellt wird, ist ein Beweis f\u00fcr Raffinesse mit einem k\u00fchnen Twist. Setzen Sie [&hellip;]<\/p>","protected":false},"featured_media":373785,"template":"","meta":[],"product_brand":[2086],"product_cat":[1621,1631,1693],"product_tag":[],"class_list":{"0":"post-373788","1":"product","2":"type-product","3":"status-publish","4":"has-post-thumbnail","6":"product_brand-cavalli-class","7":"product_cat-accessoire","8":"product_cat-maenner-zubehoer","9":"product_cat-schals","11":"first","12":"instock","13":"sale","14":"taxable","15":"shipping-taxable","16":"purchasable","17":"product-type-simple"},"_links":{"self":[{"href":"https:\/\/tpmadalina42.supserv.cozmoslabs.com\/fi\/wp-json\/wp\/v2\/product\/373788","targetHints":{"allow":["GET"]}}],"collection":[{"href":"https:\/\/tpmadalina42.supserv.cozmoslabs.com\/fi\/wp-json\/wp\/v2\/product"}],"about":[{"href":"https:\/\/tpmadalina42.supserv.cozmoslabs.com\/fi\/wp-json\/wp\/v2\/types\/product"}],"wp:featuredmedia":[{"embeddable":true,"href":"https:\/\/tpmadalina42.supserv.cozmoslabs.com\/fi\/wp-json\/wp\/v2\/media\/373785"}],"wp:attachment":[{"href":"https:\/\/tpmadalina42.supserv.cozmoslabs.com\/fi\/wp-json\/wp\/v2\/media?parent=373788"}],"wp:term":[{"taxonomy":"product_brand","embeddable":true,"href":"https:\/\/tpmadalina42.supserv.cozmoslabs.com\/fi\/wp-json\/wp\/v2\/product_brand?post=373788"},{"taxonomy":"product_cat","embeddable":true,"href":"https:\/\/tpmadalina42.supserv.cozmoslabs.com\/fi\/wp-json\/wp\/v2\/product_cat?post=373788"},{"taxonomy":"product_tag","embeddable":true,"href":"https:\/\/tpmadalina42.supserv.cozmoslabs.com\/fi\/wp-json\/wp\/v2\/product_tag?post=373788"}],"curies":[{"name":"wp","href":"https:\/\/api.w.org\/{rel}","templated":true}]}}