{"id":377488,"date":"2024-12-10T20:31:31","date_gmt":"2024-12-10T19:31:31","guid":{"rendered":"https:\/\/glandine.com\/product\/trussardi-beige-leder-herren-geldboerse\/"},"modified":"2024-12-10T20:31:31","modified_gmt":"2024-12-10T19:31:31","slug":"trussardi-beige-leder-herren-geldboerse","status":"publish","type":"product","link":"https:\/\/tpmadalina42.supserv.cozmoslabs.com\/fi\/tuote-2\/trussardi-beige-leder-herren-geldboerse\/","title":{"rendered":"Trussardi Beige Leder Herren Geldb\u00f6rse"},"content":{"rendered":"<p>Mit der Trussardi Crepe Leather Zip Wallet mit einem kultigen 70er-Jahre-Print f\u00fcr modebewusste Menschen werten Sie Ihre Essentials auf. Diese beigefarbene Brieftasche strahlt Raffinesse aus, akzentuiert mit einem Ziffernaufn\u00e4her, kontrastierenden Zierleisten und dem distinguierten Trussardi-Logo, das selbstbewusst Luxus verk\u00fcndet. Mit ihren schlanken Abmessungen f\u00fcgt sie sich m\u00fchelos in Ihr Leben und in Ihre Tasche ein. Perfekt f\u00fcr alle, die eine Mischung aus klassischer Kunst und k\u00fchnen Stilaussagen sch\u00e4tzen.<\/p>\n<p>Materiaali: 100% nahka<br \/>\nAlkuper\u00e4maa: IT<br \/>\nV\u00e4ri: beige<\/p>","protected":false},"excerpt":{"rendered":"<p>Mit der Trussardi Crepe Leather Zip Wallet mit einem kultigen 70er-Jahre-Print f\u00fcr modebewusste Menschen werten Sie Ihre Essentials auf. Diese beigefarbene Brieftasche strahlt Raffinesse aus, akzentuiert mit einem Ziffernaufn\u00e4her, kontrastierenden Zierleisten und dem distinguierten Trussardi-Logo, das selbstbewusst Luxus verk\u00fcndet. Mit ihren schlanken Abmessungen f\u00fcgt sie sich m\u00fchelos in Ihr Leben und in Ihre Tasche ein. [&hellip;]<\/p>","protected":false},"featured_media":377484,"template":"","meta":[],"product_brand":[2072],"product_cat":[1721,1629],"product_tag":[],"class_list":{"0":"post-377488","1":"product","2":"type-product","3":"status-publish","4":"has-post-thumbnail","6":"product_brand-trussardi","7":"product_cat-geldboersen","8":"product_cat-maenner","10":"first","11":"instock","12":"sale","13":"taxable","14":"shipping-taxable","15":"purchasable","16":"product-type-simple"},"_links":{"self":[{"href":"https:\/\/tpmadalina42.supserv.cozmoslabs.com\/fi\/wp-json\/wp\/v2\/product\/377488","targetHints":{"allow":["GET"]}}],"collection":[{"href":"https:\/\/tpmadalina42.supserv.cozmoslabs.com\/fi\/wp-json\/wp\/v2\/product"}],"about":[{"href":"https:\/\/tpmadalina42.supserv.cozmoslabs.com\/fi\/wp-json\/wp\/v2\/types\/product"}],"wp:featuredmedia":[{"embeddable":true,"href":"https:\/\/tpmadalina42.supserv.cozmoslabs.com\/fi\/wp-json\/wp\/v2\/media\/377484"}],"wp:attachment":[{"href":"https:\/\/tpmadalina42.supserv.cozmoslabs.com\/fi\/wp-json\/wp\/v2\/media?parent=377488"}],"wp:term":[{"taxonomy":"product_brand","embeddable":true,"href":"https:\/\/tpmadalina42.supserv.cozmoslabs.com\/fi\/wp-json\/wp\/v2\/product_brand?post=377488"},{"taxonomy":"product_cat","embeddable":true,"href":"https:\/\/tpmadalina42.supserv.cozmoslabs.com\/fi\/wp-json\/wp\/v2\/product_cat?post=377488"},{"taxonomy":"product_tag","embeddable":true,"href":"https:\/\/tpmadalina42.supserv.cozmoslabs.com\/fi\/wp-json\/wp\/v2\/product_tag?post=377488"}],"curies":[{"name":"wp","href":"https:\/\/api.w.org\/{rel}","templated":true}]}}