{"id":377500,"date":"2024-12-10T20:32:19","date_gmt":"2024-12-10T19:32:19","guid":{"rendered":"https:\/\/glandine.com\/product\/trussardi-rosa-seidenschal-fuer-frauen\/"},"modified":"2024-12-10T20:32:19","modified_gmt":"2024-12-10T19:32:19","slug":"trussardi-rosa-seidenschal-fuer-frauen","status":"publish","type":"product","link":"https:\/\/tpmadalina42.supserv.cozmoslabs.com\/fi\/tuote-2\/trussardi-rosa-seidenschal-fuer-frauen\/","title":{"rendered":"Trussardi vaaleanpunainen silkkihuivi naisille"},"content":{"rendered":"<p>Verleihen Sie Ihrem Ensemble einen Hauch von Vintage-Glamour mit dem exquisiten Foulard von Trussardi im Stil der 70er Jahre. Das verf\u00fchrerische Accessoire aus 100% Seide ist mit einem Allover-Druck versehen, der zeitlose Eleganz und raffinierten Charme ausstrahlt. Mit einer gro\u00dfz\u00fcgigen Gr\u00f6\u00dfe von 88 cm x 88 cm ist es die perfekte Erg\u00e4nzung f\u00fcr einen raffinierten Farbakzent. Drapieren, knoten oder wickeln Sie sich mit diesem klassischen und doch auff\u00e4lligen Accessoire zu einem schicken, auff\u00e4lligen Look.<\/p>\n<p>Materiaali: 100% silkki<br \/>\nAlkuper\u00e4maa: IT<br \/>\nV\u00e4ri: Pinkki<\/p>","protected":false},"excerpt":{"rendered":"<p>Verleihen Sie Ihrem Ensemble einen Hauch von Vintage-Glamour mit dem exquisiten Foulard von Trussardi im Stil der 70er Jahre. Das verf\u00fchrerische Accessoire aus 100% Seide ist mit einem Allover-Druck versehen, der zeitlose Eleganz und raffinierten Charme ausstrahlt. Mit einer gro\u00dfz\u00fcgigen Gr\u00f6\u00dfe von 88 cm x 88 cm ist es die perfekte Erg\u00e4nzung f\u00fcr einen raffinierten [&hellip;]<\/p>","protected":false},"featured_media":377498,"template":"","meta":[],"product_brand":[2072],"product_cat":[1621,1632,1694],"product_tag":[],"class_list":{"0":"post-377500","1":"product","2":"type-product","3":"status-publish","4":"has-post-thumbnail","6":"product_brand-trussardi","7":"product_cat-accessoire","8":"product_cat-frauen-zubehoer","9":"product_cat-schals-frauen-zubehoer","11":"first","12":"instock","13":"sale","14":"taxable","15":"shipping-taxable","16":"purchasable","17":"product-type-simple"},"_links":{"self":[{"href":"https:\/\/tpmadalina42.supserv.cozmoslabs.com\/fi\/wp-json\/wp\/v2\/product\/377500","targetHints":{"allow":["GET"]}}],"collection":[{"href":"https:\/\/tpmadalina42.supserv.cozmoslabs.com\/fi\/wp-json\/wp\/v2\/product"}],"about":[{"href":"https:\/\/tpmadalina42.supserv.cozmoslabs.com\/fi\/wp-json\/wp\/v2\/types\/product"}],"wp:featuredmedia":[{"embeddable":true,"href":"https:\/\/tpmadalina42.supserv.cozmoslabs.com\/fi\/wp-json\/wp\/v2\/media\/377498"}],"wp:attachment":[{"href":"https:\/\/tpmadalina42.supserv.cozmoslabs.com\/fi\/wp-json\/wp\/v2\/media?parent=377500"}],"wp:term":[{"taxonomy":"product_brand","embeddable":true,"href":"https:\/\/tpmadalina42.supserv.cozmoslabs.com\/fi\/wp-json\/wp\/v2\/product_brand?post=377500"},{"taxonomy":"product_cat","embeddable":true,"href":"https:\/\/tpmadalina42.supserv.cozmoslabs.com\/fi\/wp-json\/wp\/v2\/product_cat?post=377500"},{"taxonomy":"product_tag","embeddable":true,"href":"https:\/\/tpmadalina42.supserv.cozmoslabs.com\/fi\/wp-json\/wp\/v2\/product_tag?post=377500"}],"curies":[{"name":"wp","href":"https:\/\/api.w.org\/{rel}","templated":true}]}}